{"id":102,"date":"2018-04-11T10:53:39","date_gmt":"2018-04-11T08:53:39","guid":{"rendered":"https:\/\/www.sparkasse-bielefeld-online.de\/gruendercenter\/?page_id=102"},"modified":"2023-11-27T14:51:02","modified_gmt":"2023-11-27T13:51:02","slug":"gruendungsfahrplan","status":"publish","type":"page","link":"https:\/\/sparkasse-bielefeld-online.de\/gruendercenter\/tipps-know-how\/gruendungsfahrplan\/","title":{"rendered":"Gr\u00fcndungsfahrplan"},"content":{"rendered":"<h2>Schritt f\u00fcr Schritt zur erfolgreichen Gr\u00fcndung<\/h2>\n<p><img loading=\"lazy\" decoding=\"async\" class=\"alignright size-medium wp-image-254\" src=\"https:\/\/www.sparkasse-bielefeld-online.de\/gruendercenter\/wp-content\/uploads\/2018\/06\/GruenderCenter9-300x200.jpg\" alt=\"Gr\u00fcndungsfahrplan - Gr\u00fcnderCenter der Sparkasse Bielefeld.\" width=\"300\" height=\"200\" srcset=\"https:\/\/sparkasse-bielefeld-online.de\/gruendercenter\/wp-content\/uploads\/2018\/06\/GruenderCenter9-300x200.jpg 300w, https:\/\/sparkasse-bielefeld-online.de\/gruendercenter\/wp-content\/uploads\/2018\/06\/GruenderCenter9-768x512.jpg 768w, https:\/\/sparkasse-bielefeld-online.de\/gruendercenter\/wp-content\/uploads\/2018\/06\/GruenderCenter9.jpg 1000w\" sizes=\"(max-width: 300px) 100vw, 300px\" \/>Auf jede erfolgreiche Gr\u00fcndung kommt ein Unternehmen, das in den ersten sechs Jahren wieder aufgegeben wird. Das zeigt, dass eine gute Idee alleine nicht reicht, um am Markt zu bestehen.<\/p>\n<p>Mit dem richtigen Vorgehen k\u00f6nnen Sie Herausforderungen und m\u00f6gliche Probleme bereits fr\u00fch erkennen und angehen.<\/p>\n<h3>1. Lassen Sie Ihre Idee reifen<\/h3>\n<p>Z\u00f6gern hat keinen besonders guten Ruf, aber gerade am Anfang sollten Sie sich Zeit nehmen, die eigene Idee auf Herz und Nieren zu pr\u00fcfen. Sprechen Sie mit Ihrer Familie und Ihren Freunden \u00fcber Ihre Vorstellungen.<\/p>\n<h3>2. Ziehen Sie Fachleute hinzu<\/h3>\n<p>Sie m\u00fcssen nicht jeden Fehler selbst machen. Fragen Sie Experten wie Berater der IHK oder der Handwerkskammer, Steuerberater, spezialisierte Rechtsanw\u00e4lte oder uns um Rat, wenn Sie Fragen haben.<\/p>\n<h3>3. Bauen Sie Know-how auf<\/h3>\n<p>Besuchen Sie Netzwerktreffen und Seminare, um weiter dazu zu lernen und hilfreiche Kontakte zu kn\u00fcpfen. F\u00fcr Gr\u00fcnderinnen und Gr\u00fcnder gibt es eine Vielzahl von Formaten, bei denen Sie von der Erfahrung anderer Gr\u00fcnder und Experten profitieren.<\/p>\n<h3>4. Erstellen Sie einen Businessplan<\/h3>\n<p>Der Businessplan ist nicht nur f\u00fcr uns wichtig, um Ihr Vorhaben bewerten zu k\u00f6nnen. Auch f\u00fcr die eigene Planung ist ein guter Businessplan essentiell. Hier sehen Sie schwarz auf wei\u00df, was auf Sie zukommt.<\/p>\n<h3>5. Sprechen Sie uns an<\/h3>\n<p>Wir unterst\u00fctzen Sie bei Ihrem Gr\u00fcndungsvorhaben \u2013 mit fachkundiger Beratung, guten Konditionen f\u00fcr Existenzgr\u00fcnder und gro\u00dfem Erfahrungsschatz aus der Praxis.<\/p>\n<p>Sie m\u00f6chten es ganz genau wissen? Laden Sie sich unsere <a href=\"https:\/\/www.sparkasse-bielefeld-online.de\/gruendercenter\/downloads\/\">Checkliste f\u00fcr Gr\u00fcnder<\/a> herunter!<\/p>\n\n\n<p>Bilder auf dieser Seite: (c) S-Communication Services GmbH<\/p>\n","protected":false},"excerpt":{"rendered":"<p>Schritt f\u00fcr Schritt zur erfolgreichen Gr\u00fcndung Auf jede erfolgreiche Gr\u00fcndung kommt ein Unternehmen, das in den ersten sechs Jahren wieder aufgegeben wird. Das zeigt, dass eine gute Idee alleine nicht reicht, um am Markt zu bestehen. Mit dem richtigen Vorgehen k\u00f6nnen Sie Herausforderungen und m\u00f6gliche Probleme bereits fr\u00fch erkennen und angehen. 1. Lassen Sie Ihre [&hellip;]<\/p>\n","protected":false},"author":1,"featured_media":0,"parent":56,"menu_order":0,"comment_status":"closed","ping_status":"closed","template":"page-more-info.php","meta":{"footnotes":""},"yoast_head":"<!-- This site is optimized with the Yoast SEO plugin v23.0 - https:\/\/yoast.com\/wordpress\/plugins\/seo\/ -->\n<title>Gr\u00fcndungsfahrplan - Gr\u00fcnderCenter<\/title>\n<meta name=\"robots\" content=\"index, follow, max-snippet:-1, max-image-preview:large, max-video-preview:-1\" \/>\n<link rel=\"canonical\" href=\"https:\/\/sparkasse-bielefeld-online.de\/gruendercenter\/tipps-know-how\/gruendungsfahrplan\/\" \/>\n<meta property=\"og:locale\" content=\"de_DE\" \/>\n<meta property=\"og:type\" content=\"article\" \/>\n<meta property=\"og:title\" content=\"Gr\u00fcndungsfahrplan - Gr\u00fcnderCenter\" \/>\n<meta property=\"og:description\" content=\"Schritt f\u00fcr Schritt zur erfolgreichen Gr\u00fcndung Auf jede erfolgreiche Gr\u00fcndung kommt ein Unternehmen, das in den ersten sechs Jahren wieder aufgegeben wird. Das zeigt, dass eine gute Idee alleine nicht reicht, um am Markt zu bestehen. Mit dem richtigen Vorgehen k\u00f6nnen Sie Herausforderungen und m\u00f6gliche Probleme bereits fr\u00fch erkennen und angehen. 1. Lassen Sie Ihre [&hellip;]\" \/>\n<meta property=\"og:url\" content=\"https:\/\/sparkasse-bielefeld-online.de\/gruendercenter\/tipps-know-how\/gruendungsfahrplan\/\" \/>\n<meta property=\"og:site_name\" content=\"Gr\u00fcnderCenter\" \/>\n<meta property=\"article:modified_time\" content=\"2023-11-27T13:51:02+00:00\" \/>\n<meta property=\"og:image\" content=\"https:\/\/www.sparkasse-bielefeld-online.de\/gruendercenter\/wp-content\/uploads\/2018\/06\/GruenderCenter9-300x200.jpg\" \/>\n<meta name=\"twitter:card\" content=\"summary_large_image\" \/>\n<meta name=\"twitter:label1\" content=\"Gesch\u00e4tzte Lesezeit\" \/>\n\t<meta name=\"twitter:data1\" content=\"1\u00a0Minute\" \/>\n<script type=\"application\/ld+json\" class=\"yoast-schema-graph\">{\"@context\":\"https:\/\/schema.org\",\"@graph\":[{\"@type\":\"WebPage\",\"@id\":\"https:\/\/sparkasse-bielefeld-online.de\/gruendercenter\/tipps-know-how\/gruendungsfahrplan\/\",\"url\":\"https:\/\/sparkasse-bielefeld-online.de\/gruendercenter\/tipps-know-how\/gruendungsfahrplan\/\",\"name\":\"Gr\u00fcndungsfahrplan - Gr\u00fcnderCenter\",\"isPartOf\":{\"@id\":\"https:\/\/sparkasse-bielefeld-online.de\/gruendercenter\/#website\"},\"primaryImageOfPage\":{\"@id\":\"https:\/\/sparkasse-bielefeld-online.de\/gruendercenter\/tipps-know-how\/gruendungsfahrplan\/#primaryimage\"},\"image\":{\"@id\":\"https:\/\/sparkasse-bielefeld-online.de\/gruendercenter\/tipps-know-how\/gruendungsfahrplan\/#primaryimage\"},\"thumbnailUrl\":\"https:\/\/www.sparkasse-bielefeld-online.de\/gruendercenter\/wp-content\/uploads\/2018\/06\/GruenderCenter9-300x200.jpg\",\"datePublished\":\"2018-04-11T08:53:39+00:00\",\"dateModified\":\"2023-11-27T13:51:02+00:00\",\"breadcrumb\":{\"@id\":\"https:\/\/sparkasse-bielefeld-online.de\/gruendercenter\/tipps-know-how\/gruendungsfahrplan\/#breadcrumb\"},\"inLanguage\":\"de\",\"potentialAction\":[{\"@type\":\"ReadAction\",\"target\":[\"https:\/\/sparkasse-bielefeld-online.de\/gruendercenter\/tipps-know-how\/gruendungsfahrplan\/\"]}]},{\"@type\":\"ImageObject\",\"inLanguage\":\"de\",\"@id\":\"https:\/\/sparkasse-bielefeld-online.de\/gruendercenter\/tipps-know-how\/gruendungsfahrplan\/#primaryimage\",\"url\":\"https:\/\/www.sparkasse-bielefeld-online.de\/gruendercenter\/wp-content\/uploads\/2018\/06\/GruenderCenter9-300x200.jpg\",\"contentUrl\":\"https:\/\/www.sparkasse-bielefeld-online.de\/gruendercenter\/wp-content\/uploads\/2018\/06\/GruenderCenter9-300x200.jpg\"},{\"@type\":\"BreadcrumbList\",\"@id\":\"https:\/\/sparkasse-bielefeld-online.de\/gruendercenter\/tipps-know-how\/gruendungsfahrplan\/#breadcrumb\",\"itemListElement\":[{\"@type\":\"ListItem\",\"position\":1,\"name\":\"Home\",\"item\":\"https:\/\/sparkasse-bielefeld-online.de\/gruendercenter\/\"},{\"@type\":\"ListItem\",\"position\":2,\"name\":\"Tipps &#038; Know-how\",\"item\":\"https:\/\/sparkasse-bielefeld-online.de\/gruendercenter\/tipps-know-how\/\"},{\"@type\":\"ListItem\",\"position\":3,\"name\":\"Gr\u00fcndungsfahrplan\"}]},{\"@type\":\"WebSite\",\"@id\":\"https:\/\/sparkasse-bielefeld-online.de\/gruendercenter\/#website\",\"url\":\"https:\/\/sparkasse-bielefeld-online.de\/gruendercenter\/\",\"name\":\"Gr\u00fcnderCenter\",\"description\":\"der Sparkasse Bielefeld\",\"potentialAction\":[{\"@type\":\"SearchAction\",\"target\":{\"@type\":\"EntryPoint\",\"urlTemplate\":\"https:\/\/sparkasse-bielefeld-online.de\/gruendercenter\/?s={search_term_string}\"},\"query-input\":\"required name=search_term_string\"}],\"inLanguage\":\"de\"}]}<\/script>\n<!-- \/ Yoast SEO plugin. -->","yoast_head_json":{"title":"Gr\u00fcndungsfahrplan - Gr\u00fcnderCenter","robots":{"index":"index","follow":"follow","max-snippet":"max-snippet:-1","max-image-preview":"max-image-preview:large","max-video-preview":"max-video-preview:-1"},"canonical":"https:\/\/sparkasse-bielefeld-online.de\/gruendercenter\/tipps-know-how\/gruendungsfahrplan\/","og_locale":"de_DE","og_type":"article","og_title":"Gr\u00fcndungsfahrplan - Gr\u00fcnderCenter","og_description":"Schritt f\u00fcr Schritt zur erfolgreichen Gr\u00fcndung Auf jede erfolgreiche Gr\u00fcndung kommt ein Unternehmen, das in den ersten sechs Jahren wieder aufgegeben wird. Das zeigt, dass eine gute Idee alleine nicht reicht, um am Markt zu bestehen. Mit dem richtigen Vorgehen k\u00f6nnen Sie Herausforderungen und m\u00f6gliche Probleme bereits fr\u00fch erkennen und angehen. 1. Lassen Sie Ihre [&hellip;]","og_url":"https:\/\/sparkasse-bielefeld-online.de\/gruendercenter\/tipps-know-how\/gruendungsfahrplan\/","og_site_name":"Gr\u00fcnderCenter","article_modified_time":"2023-11-27T13:51:02+00:00","og_image":[{"url":"https:\/\/www.sparkasse-bielefeld-online.de\/gruendercenter\/wp-content\/uploads\/2018\/06\/GruenderCenter9-300x200.jpg"}],"twitter_card":"summary_large_image","twitter_misc":{"Gesch\u00e4tzte Lesezeit":"1\u00a0Minute"},"schema":{"@context":"https:\/\/schema.org","@graph":[{"@type":"WebPage","@id":"https:\/\/sparkasse-bielefeld-online.de\/gruendercenter\/tipps-know-how\/gruendungsfahrplan\/","url":"https:\/\/sparkasse-bielefeld-online.de\/gruendercenter\/tipps-know-how\/gruendungsfahrplan\/","name":"Gr\u00fcndungsfahrplan - Gr\u00fcnderCenter","isPartOf":{"@id":"https:\/\/sparkasse-bielefeld-online.de\/gruendercenter\/#website"},"primaryImageOfPage":{"@id":"https:\/\/sparkasse-bielefeld-online.de\/gruendercenter\/tipps-know-how\/gruendungsfahrplan\/#primaryimage"},"image":{"@id":"https:\/\/sparkasse-bielefeld-online.de\/gruendercenter\/tipps-know-how\/gruendungsfahrplan\/#primaryimage"},"thumbnailUrl":"https:\/\/www.sparkasse-bielefeld-online.de\/gruendercenter\/wp-content\/uploads\/2018\/06\/GruenderCenter9-300x200.jpg","datePublished":"2018-04-11T08:53:39+00:00","dateModified":"2023-11-27T13:51:02+00:00","breadcrumb":{"@id":"https:\/\/sparkasse-bielefeld-online.de\/gruendercenter\/tipps-know-how\/gruendungsfahrplan\/#breadcrumb"},"inLanguage":"de","potentialAction":[{"@type":"ReadAction","target":["https:\/\/sparkasse-bielefeld-online.de\/gruendercenter\/tipps-know-how\/gruendungsfahrplan\/"]}]},{"@type":"ImageObject","inLanguage":"de","@id":"https:\/\/sparkasse-bielefeld-online.de\/gruendercenter\/tipps-know-how\/gruendungsfahrplan\/#primaryimage","url":"https:\/\/www.sparkasse-bielefeld-online.de\/gruendercenter\/wp-content\/uploads\/2018\/06\/GruenderCenter9-300x200.jpg","contentUrl":"https:\/\/www.sparkasse-bielefeld-online.de\/gruendercenter\/wp-content\/uploads\/2018\/06\/GruenderCenter9-300x200.jpg"},{"@type":"BreadcrumbList","@id":"https:\/\/sparkasse-bielefeld-online.de\/gruendercenter\/tipps-know-how\/gruendungsfahrplan\/#breadcrumb","itemListElement":[{"@type":"ListItem","position":1,"name":"Home","item":"https:\/\/sparkasse-bielefeld-online.de\/gruendercenter\/"},{"@type":"ListItem","position":2,"name":"Tipps &#038; Know-how","item":"https:\/\/sparkasse-bielefeld-online.de\/gruendercenter\/tipps-know-how\/"},{"@type":"ListItem","position":3,"name":"Gr\u00fcndungsfahrplan"}]},{"@type":"WebSite","@id":"https:\/\/sparkasse-bielefeld-online.de\/gruendercenter\/#website","url":"https:\/\/sparkasse-bielefeld-online.de\/gruendercenter\/","name":"Gr\u00fcnderCenter","description":"der Sparkasse Bielefeld","potentialAction":[{"@type":"SearchAction","target":{"@type":"EntryPoint","urlTemplate":"https:\/\/sparkasse-bielefeld-online.de\/gruendercenter\/?s={search_term_string}"},"query-input":"required name=search_term_string"}],"inLanguage":"de"}]}},"_links":{"self":[{"href":"https:\/\/sparkasse-bielefeld-online.de\/gruendercenter\/wp-json\/wp\/v2\/pages\/102"}],"collection":[{"href":"https:\/\/sparkasse-bielefeld-online.de\/gruendercenter\/wp-json\/wp\/v2\/pages"}],"about":[{"href":"https:\/\/sparkasse-bielefeld-online.de\/gruendercenter\/wp-json\/wp\/v2\/types\/page"}],"author":[{"embeddable":true,"href":"https:\/\/sparkasse-bielefeld-online.de\/gruendercenter\/wp-json\/wp\/v2\/users\/1"}],"replies":[{"embeddable":true,"href":"https:\/\/sparkasse-bielefeld-online.de\/gruendercenter\/wp-json\/wp\/v2\/comments?post=102"}],"version-history":[{"count":9,"href":"https:\/\/sparkasse-bielefeld-online.de\/gruendercenter\/wp-json\/wp\/v2\/pages\/102\/revisions"}],"predecessor-version":[{"id":1023,"href":"https:\/\/sparkasse-bielefeld-online.de\/gruendercenter\/wp-json\/wp\/v2\/pages\/102\/revisions\/1023"}],"up":[{"embeddable":true,"href":"https:\/\/sparkasse-bielefeld-online.de\/gruendercenter\/wp-json\/wp\/v2\/pages\/56"}],"wp:attachment":[{"href":"https:\/\/sparkasse-bielefeld-online.de\/gruendercenter\/wp-json\/wp\/v2\/media?parent=102"}],"curies":[{"name":"wp","href":"https:\/\/api.w.org\/{rel}","templated":true}]}}