{"id":104,"date":"2018-04-11T10:53:51","date_gmt":"2018-04-11T08:53:51","guid":{"rendered":"https:\/\/www.sparkasse-bielefeld-online.de\/gruendercenter\/?page_id=104"},"modified":"2023-11-27T14:51:37","modified_gmt":"2023-11-27T13:51:37","slug":"gespraechsvorbereitung","status":"publish","type":"page","link":"https:\/\/sparkasse-bielefeld-online.de\/gruendercenter\/tipps-know-how\/gespraechsvorbereitung\/","title":{"rendered":"Gespr\u00e4chsvorbereitung"},"content":{"rendered":"<h2>Gut vorbereitet ist halb gegr\u00fcndet<\/h2>\n<p><img loading=\"lazy\" decoding=\"async\" class=\"alignright size-medium wp-image-251\" src=\"https:\/\/www.sparkasse-bielefeld-online.de\/gruendercenter\/wp-content\/uploads\/2018\/06\/GruenderCenter10-300x200.jpg\" alt=\"Gespr\u00e4chsvorbereitung - Gr\u00fcnderCenter der Sparkasse Bielefeld.\" width=\"300\" height=\"200\" srcset=\"https:\/\/sparkasse-bielefeld-online.de\/gruendercenter\/wp-content\/uploads\/2018\/06\/GruenderCenter10-300x200.jpg 300w, https:\/\/sparkasse-bielefeld-online.de\/gruendercenter\/wp-content\/uploads\/2018\/06\/GruenderCenter10-768x512.jpg 768w, https:\/\/sparkasse-bielefeld-online.de\/gruendercenter\/wp-content\/uploads\/2018\/06\/GruenderCenter10.jpg 1000w\" sizes=\"(max-width: 300px) 100vw, 300px\" \/>Je besser Sie vorbereitet sind, desto einfacher und schneller k\u00f6nnen wir \u00fcber die Finanzierung entscheiden. Ohne \u201ePapierkram\u201c geht es aber leider nicht. Damit wir z\u00fcgig \u00fcber die Finanzierung Ihres Vorhabens entscheiden k\u00f6nnen, bringen Sie bitte folgende Unterlagen mit:<\/p>\n<ul>\n<li>eine <a href=\"https:\/\/www.sparkasse-bielefeld-online.de\/gruendercenter\/downloads\/\">Aufstellung der monatlichen Haushaltsausgaben<\/a><\/li>\n<li>Unterlagen \u00fcber Ihr Einkommen, z.B. der letzte Einkommenssteuerbescheid oder Ihre aktuelle Steuererkl\u00e4rung<\/li>\n<li>eine <a href=\"https:\/\/www.sparkasse-bielefeld-online.de\/gruendercenter\/downloads\/\">Aufstellung \u00fcber Ihr Verm\u00f6gen<\/a><\/li>\n<li>eine Schufa-Selbstauskunft, die Sie einmal j\u00e4hrlich kostenlos bei <a href=\"https:\/\/www.meineschufa.de\/\" target=\"_blank\" rel=\"noopener\">meineschufa.de<\/a> beantragen k\u00f6nnen<\/li>\n<li>ihren Lebenslauf<\/li>\n<li>ihren <a href=\"https:\/\/www.sparkasse-bielefeld-online.de\/gruendercenter\/tipps-know-how\/smart-business-plan\/\">Businessplan<\/a><\/li>\n<\/ul>\n<p>Im Einzelfall sollten Sie zus\u00e4tzlich mitbringen:<\/p>\n<ul>\n<li>Unterlagen zu m\u00f6glichen Sicherheiten<\/li>\n<li>Nachweis \u00fcber Ihr Eigenkapital<\/li>\n<li>Miet- und Pachtvertragsentwurf (wenn vorhanden)<\/li>\n<li>Gesellschaftsvertragsentwurf (soweit relevant)<\/li>\n<li>\u00dcbernahme- bzw. Kaufvertragsentwurf (bei einer \u00dcbernahme)<\/li>\n<li>Bilanzen der letzten drei Jahre und Aufstellung des zu u\u0308bernehmenden Inventars\/der Maschinen bei einer \u00dcbernahme<\/li>\n<\/ul>\n<p>Erg\u00e4nzende Checklisten und Dokumente finden Sie <a href=\"https:\/\/www.sparkasse-bielefeld-online.de\/gruendercenter\/downloads\/\">hier<\/a>.<\/p>\n<p>Haben Sie noch Fragen zu den notwendigen Unterlagen? Sprechen Sie uns an!<\/p>\n\n\n<p>Bilder auf dieser Seite: (c) S-Communication Services GmbH<\/p>\n","protected":false},"excerpt":{"rendered":"<p>Gut vorbereitet ist halb gegr\u00fcndet Je besser Sie vorbereitet sind, desto einfacher und schneller k\u00f6nnen wir \u00fcber die Finanzierung entscheiden. Ohne \u201ePapierkram\u201c geht es aber leider nicht. Damit wir z\u00fcgig \u00fcber die Finanzierung Ihres Vorhabens entscheiden k\u00f6nnen, bringen Sie bitte folgende Unterlagen mit: eine Aufstellung der monatlichen Haushaltsausgaben Unterlagen \u00fcber Ihr Einkommen, z.B. der letzte [&hellip;]<\/p>\n","protected":false},"author":1,"featured_media":0,"parent":56,"menu_order":0,"comment_status":"closed","ping_status":"closed","template":"page-more-info.php","meta":{"footnotes":""},"yoast_head":"<!-- This site is optimized with the Yoast SEO plugin v23.0 - https:\/\/yoast.com\/wordpress\/plugins\/seo\/ -->\n<title>Gespr\u00e4chsvorbereitung - Gr\u00fcnderCenter<\/title>\n<meta name=\"robots\" content=\"index, follow, max-snippet:-1, max-image-preview:large, max-video-preview:-1\" \/>\n<link rel=\"canonical\" href=\"https:\/\/sparkasse-bielefeld-online.de\/gruendercenter\/tipps-know-how\/gespraechsvorbereitung\/\" \/>\n<meta property=\"og:locale\" content=\"de_DE\" \/>\n<meta property=\"og:type\" content=\"article\" \/>\n<meta property=\"og:title\" content=\"Gespr\u00e4chsvorbereitung - Gr\u00fcnderCenter\" \/>\n<meta property=\"og:description\" content=\"Gut vorbereitet ist halb gegr\u00fcndet Je besser Sie vorbereitet sind, desto einfacher und schneller k\u00f6nnen wir \u00fcber die Finanzierung entscheiden. Ohne \u201ePapierkram\u201c geht es aber leider nicht. Damit wir z\u00fcgig \u00fcber die Finanzierung Ihres Vorhabens entscheiden k\u00f6nnen, bringen Sie bitte folgende Unterlagen mit: eine Aufstellung der monatlichen Haushaltsausgaben Unterlagen \u00fcber Ihr Einkommen, z.B. der letzte [&hellip;]\" \/>\n<meta property=\"og:url\" content=\"https:\/\/sparkasse-bielefeld-online.de\/gruendercenter\/tipps-know-how\/gespraechsvorbereitung\/\" \/>\n<meta property=\"og:site_name\" content=\"Gr\u00fcnderCenter\" \/>\n<meta property=\"article:modified_time\" content=\"2023-11-27T13:51:37+00:00\" \/>\n<meta property=\"og:image\" content=\"https:\/\/www.sparkasse-bielefeld-online.de\/gruendercenter\/wp-content\/uploads\/2018\/06\/GruenderCenter10-300x200.jpg\" \/>\n<meta name=\"twitter:card\" content=\"summary_large_image\" \/>\n<meta name=\"twitter:label1\" content=\"Gesch\u00e4tzte Lesezeit\" \/>\n\t<meta name=\"twitter:data1\" content=\"1\u00a0Minute\" \/>\n<script type=\"application\/ld+json\" class=\"yoast-schema-graph\">{\"@context\":\"https:\/\/schema.org\",\"@graph\":[{\"@type\":\"WebPage\",\"@id\":\"https:\/\/sparkasse-bielefeld-online.de\/gruendercenter\/tipps-know-how\/gespraechsvorbereitung\/\",\"url\":\"https:\/\/sparkasse-bielefeld-online.de\/gruendercenter\/tipps-know-how\/gespraechsvorbereitung\/\",\"name\":\"Gespr\u00e4chsvorbereitung - Gr\u00fcnderCenter\",\"isPartOf\":{\"@id\":\"https:\/\/sparkasse-bielefeld-online.de\/gruendercenter\/#website\"},\"primaryImageOfPage\":{\"@id\":\"https:\/\/sparkasse-bielefeld-online.de\/gruendercenter\/tipps-know-how\/gespraechsvorbereitung\/#primaryimage\"},\"image\":{\"@id\":\"https:\/\/sparkasse-bielefeld-online.de\/gruendercenter\/tipps-know-how\/gespraechsvorbereitung\/#primaryimage\"},\"thumbnailUrl\":\"https:\/\/www.sparkasse-bielefeld-online.de\/gruendercenter\/wp-content\/uploads\/2018\/06\/GruenderCenter10-300x200.jpg\",\"datePublished\":\"2018-04-11T08:53:51+00:00\",\"dateModified\":\"2023-11-27T13:51:37+00:00\",\"breadcrumb\":{\"@id\":\"https:\/\/sparkasse-bielefeld-online.de\/gruendercenter\/tipps-know-how\/gespraechsvorbereitung\/#breadcrumb\"},\"inLanguage\":\"de\",\"potentialAction\":[{\"@type\":\"ReadAction\",\"target\":[\"https:\/\/sparkasse-bielefeld-online.de\/gruendercenter\/tipps-know-how\/gespraechsvorbereitung\/\"]}]},{\"@type\":\"ImageObject\",\"inLanguage\":\"de\",\"@id\":\"https:\/\/sparkasse-bielefeld-online.de\/gruendercenter\/tipps-know-how\/gespraechsvorbereitung\/#primaryimage\",\"url\":\"https:\/\/www.sparkasse-bielefeld-online.de\/gruendercenter\/wp-content\/uploads\/2018\/06\/GruenderCenter10-300x200.jpg\",\"contentUrl\":\"https:\/\/www.sparkasse-bielefeld-online.de\/gruendercenter\/wp-content\/uploads\/2018\/06\/GruenderCenter10-300x200.jpg\"},{\"@type\":\"BreadcrumbList\",\"@id\":\"https:\/\/sparkasse-bielefeld-online.de\/gruendercenter\/tipps-know-how\/gespraechsvorbereitung\/#breadcrumb\",\"itemListElement\":[{\"@type\":\"ListItem\",\"position\":1,\"name\":\"Home\",\"item\":\"https:\/\/sparkasse-bielefeld-online.de\/gruendercenter\/\"},{\"@type\":\"ListItem\",\"position\":2,\"name\":\"Tipps &#038; Know-how\",\"item\":\"https:\/\/sparkasse-bielefeld-online.de\/gruendercenter\/tipps-know-how\/\"},{\"@type\":\"ListItem\",\"position\":3,\"name\":\"Gespr\u00e4chsvorbereitung\"}]},{\"@type\":\"WebSite\",\"@id\":\"https:\/\/sparkasse-bielefeld-online.de\/gruendercenter\/#website\",\"url\":\"https:\/\/sparkasse-bielefeld-online.de\/gruendercenter\/\",\"name\":\"Gr\u00fcnderCenter\",\"description\":\"der Sparkasse Bielefeld\",\"potentialAction\":[{\"@type\":\"SearchAction\",\"target\":{\"@type\":\"EntryPoint\",\"urlTemplate\":\"https:\/\/sparkasse-bielefeld-online.de\/gruendercenter\/?s={search_term_string}\"},\"query-input\":\"required name=search_term_string\"}],\"inLanguage\":\"de\"}]}<\/script>\n<!-- \/ Yoast SEO plugin. -->","yoast_head_json":{"title":"Gespr\u00e4chsvorbereitung - Gr\u00fcnderCenter","robots":{"index":"index","follow":"follow","max-snippet":"max-snippet:-1","max-image-preview":"max-image-preview:large","max-video-preview":"max-video-preview:-1"},"canonical":"https:\/\/sparkasse-bielefeld-online.de\/gruendercenter\/tipps-know-how\/gespraechsvorbereitung\/","og_locale":"de_DE","og_type":"article","og_title":"Gespr\u00e4chsvorbereitung - Gr\u00fcnderCenter","og_description":"Gut vorbereitet ist halb gegr\u00fcndet Je besser Sie vorbereitet sind, desto einfacher und schneller k\u00f6nnen wir \u00fcber die Finanzierung entscheiden. Ohne \u201ePapierkram\u201c geht es aber leider nicht. Damit wir z\u00fcgig \u00fcber die Finanzierung Ihres Vorhabens entscheiden k\u00f6nnen, bringen Sie bitte folgende Unterlagen mit: eine Aufstellung der monatlichen Haushaltsausgaben Unterlagen \u00fcber Ihr Einkommen, z.B. der letzte [&hellip;]","og_url":"https:\/\/sparkasse-bielefeld-online.de\/gruendercenter\/tipps-know-how\/gespraechsvorbereitung\/","og_site_name":"Gr\u00fcnderCenter","article_modified_time":"2023-11-27T13:51:37+00:00","og_image":[{"url":"https:\/\/www.sparkasse-bielefeld-online.de\/gruendercenter\/wp-content\/uploads\/2018\/06\/GruenderCenter10-300x200.jpg"}],"twitter_card":"summary_large_image","twitter_misc":{"Gesch\u00e4tzte Lesezeit":"1\u00a0Minute"},"schema":{"@context":"https:\/\/schema.org","@graph":[{"@type":"WebPage","@id":"https:\/\/sparkasse-bielefeld-online.de\/gruendercenter\/tipps-know-how\/gespraechsvorbereitung\/","url":"https:\/\/sparkasse-bielefeld-online.de\/gruendercenter\/tipps-know-how\/gespraechsvorbereitung\/","name":"Gespr\u00e4chsvorbereitung - Gr\u00fcnderCenter","isPartOf":{"@id":"https:\/\/sparkasse-bielefeld-online.de\/gruendercenter\/#website"},"primaryImageOfPage":{"@id":"https:\/\/sparkasse-bielefeld-online.de\/gruendercenter\/tipps-know-how\/gespraechsvorbereitung\/#primaryimage"},"image":{"@id":"https:\/\/sparkasse-bielefeld-online.de\/gruendercenter\/tipps-know-how\/gespraechsvorbereitung\/#primaryimage"},"thumbnailUrl":"https:\/\/www.sparkasse-bielefeld-online.de\/gruendercenter\/wp-content\/uploads\/2018\/06\/GruenderCenter10-300x200.jpg","datePublished":"2018-04-11T08:53:51+00:00","dateModified":"2023-11-27T13:51:37+00:00","breadcrumb":{"@id":"https:\/\/sparkasse-bielefeld-online.de\/gruendercenter\/tipps-know-how\/gespraechsvorbereitung\/#breadcrumb"},"inLanguage":"de","potentialAction":[{"@type":"ReadAction","target":["https:\/\/sparkasse-bielefeld-online.de\/gruendercenter\/tipps-know-how\/gespraechsvorbereitung\/"]}]},{"@type":"ImageObject","inLanguage":"de","@id":"https:\/\/sparkasse-bielefeld-online.de\/gruendercenter\/tipps-know-how\/gespraechsvorbereitung\/#primaryimage","url":"https:\/\/www.sparkasse-bielefeld-online.de\/gruendercenter\/wp-content\/uploads\/2018\/06\/GruenderCenter10-300x200.jpg","contentUrl":"https:\/\/www.sparkasse-bielefeld-online.de\/gruendercenter\/wp-content\/uploads\/2018\/06\/GruenderCenter10-300x200.jpg"},{"@type":"BreadcrumbList","@id":"https:\/\/sparkasse-bielefeld-online.de\/gruendercenter\/tipps-know-how\/gespraechsvorbereitung\/#breadcrumb","itemListElement":[{"@type":"ListItem","position":1,"name":"Home","item":"https:\/\/sparkasse-bielefeld-online.de\/gruendercenter\/"},{"@type":"ListItem","position":2,"name":"Tipps &#038; Know-how","item":"https:\/\/sparkasse-bielefeld-online.de\/gruendercenter\/tipps-know-how\/"},{"@type":"ListItem","position":3,"name":"Gespr\u00e4chsvorbereitung"}]},{"@type":"WebSite","@id":"https:\/\/sparkasse-bielefeld-online.de\/gruendercenter\/#website","url":"https:\/\/sparkasse-bielefeld-online.de\/gruendercenter\/","name":"Gr\u00fcnderCenter","description":"der Sparkasse Bielefeld","potentialAction":[{"@type":"SearchAction","target":{"@type":"EntryPoint","urlTemplate":"https:\/\/sparkasse-bielefeld-online.de\/gruendercenter\/?s={search_term_string}"},"query-input":"required name=search_term_string"}],"inLanguage":"de"}]}},"_links":{"self":[{"href":"https:\/\/sparkasse-bielefeld-online.de\/gruendercenter\/wp-json\/wp\/v2\/pages\/104"}],"collection":[{"href":"https:\/\/sparkasse-bielefeld-online.de\/gruendercenter\/wp-json\/wp\/v2\/pages"}],"about":[{"href":"https:\/\/sparkasse-bielefeld-online.de\/gruendercenter\/wp-json\/wp\/v2\/types\/page"}],"author":[{"embeddable":true,"href":"https:\/\/sparkasse-bielefeld-online.de\/gruendercenter\/wp-json\/wp\/v2\/users\/1"}],"replies":[{"embeddable":true,"href":"https:\/\/sparkasse-bielefeld-online.de\/gruendercenter\/wp-json\/wp\/v2\/comments?post=104"}],"version-history":[{"count":9,"href":"https:\/\/sparkasse-bielefeld-online.de\/gruendercenter\/wp-json\/wp\/v2\/pages\/104\/revisions"}],"predecessor-version":[{"id":1024,"href":"https:\/\/sparkasse-bielefeld-online.de\/gruendercenter\/wp-json\/wp\/v2\/pages\/104\/revisions\/1024"}],"up":[{"embeddable":true,"href":"https:\/\/sparkasse-bielefeld-online.de\/gruendercenter\/wp-json\/wp\/v2\/pages\/56"}],"wp:attachment":[{"href":"https:\/\/sparkasse-bielefeld-online.de\/gruendercenter\/wp-json\/wp\/v2\/media?parent=104"}],"curies":[{"name":"wp","href":"https:\/\/api.w.org\/{rel}","templated":true}]}}