{"id":29,"date":"2018-04-04T13:09:23","date_gmt":"2018-04-04T11:09:23","guid":{"rendered":"https:\/\/www.sparkasse-bielefeld-online.de\/gruendercenter\/?page_id=29"},"modified":"2018-06-22T12:32:49","modified_gmt":"2018-06-22T10:32:49","slug":"netzwerk","status":"publish","type":"page","link":"https:\/\/sparkasse-bielefeld-online.de\/gruendercenter\/netzwerk\/","title":{"rendered":"Netzwerk"},"content":{"rendered":"<h2>Unsere Partner sind Ihre Partner<\/h2>\n<p>Um Sie bestm\u00f6glich zu unterst\u00fctzen, arbeiten wir eng mit anderen Experten zusammen \u2013 sowohl intern als auch extern. Unsere wichtigsten Partner m\u00f6chten wir Ihnen gerne vorstellen:<\/p>\n","protected":false},"excerpt":{"rendered":"<p>Unsere Partner sind Ihre Partner Um Sie bestm\u00f6glich zu unterst\u00fctzen, arbeiten wir eng mit anderen Experten zusammen \u2013 sowohl intern als auch extern. Unsere wichtigsten Partner m\u00f6chten wir Ihnen gerne vorstellen:<\/p>\n","protected":false},"author":1,"featured_media":0,"parent":0,"menu_order":0,"comment_status":"closed","ping_status":"closed","template":"archive-partner.php","meta":{"footnotes":""},"yoast_head":"<!-- This site is optimized with the Yoast SEO plugin v23.0 - https:\/\/yoast.com\/wordpress\/plugins\/seo\/ -->\n<title>Netzwerk - Gr\u00fcnderCenter<\/title>\n<meta name=\"robots\" content=\"index, follow, max-snippet:-1, max-image-preview:large, max-video-preview:-1\" \/>\n<link rel=\"canonical\" href=\"https:\/\/sparkasse-bielefeld-online.de\/gruendercenter\/netzwerk\/\" \/>\n<meta property=\"og:locale\" content=\"de_DE\" \/>\n<meta property=\"og:type\" content=\"article\" \/>\n<meta property=\"og:title\" content=\"Netzwerk - Gr\u00fcnderCenter\" \/>\n<meta property=\"og:description\" content=\"Unsere Partner sind Ihre Partner Um Sie bestm\u00f6glich zu unterst\u00fctzen, arbeiten wir eng mit anderen Experten zusammen \u2013 sowohl intern als auch extern. Unsere wichtigsten Partner m\u00f6chten wir Ihnen gerne vorstellen:\" \/>\n<meta property=\"og:url\" content=\"https:\/\/sparkasse-bielefeld-online.de\/gruendercenter\/netzwerk\/\" \/>\n<meta property=\"og:site_name\" content=\"Gr\u00fcnderCenter\" \/>\n<meta property=\"article:modified_time\" content=\"2018-06-22T10:32:49+00:00\" \/>\n<meta name=\"twitter:card\" content=\"summary_large_image\" \/>\n<script type=\"application\/ld+json\" class=\"yoast-schema-graph\">{\"@context\":\"https:\/\/schema.org\",\"@graph\":[{\"@type\":\"WebPage\",\"@id\":\"https:\/\/sparkasse-bielefeld-online.de\/gruendercenter\/netzwerk\/\",\"url\":\"https:\/\/sparkasse-bielefeld-online.de\/gruendercenter\/netzwerk\/\",\"name\":\"Netzwerk - Gr\u00fcnderCenter\",\"isPartOf\":{\"@id\":\"https:\/\/sparkasse-bielefeld-online.de\/gruendercenter\/#website\"},\"datePublished\":\"2018-04-04T11:09:23+00:00\",\"dateModified\":\"2018-06-22T10:32:49+00:00\",\"breadcrumb\":{\"@id\":\"https:\/\/sparkasse-bielefeld-online.de\/gruendercenter\/netzwerk\/#breadcrumb\"},\"inLanguage\":\"de\",\"potentialAction\":[{\"@type\":\"ReadAction\",\"target\":[\"https:\/\/sparkasse-bielefeld-online.de\/gruendercenter\/netzwerk\/\"]}]},{\"@type\":\"BreadcrumbList\",\"@id\":\"https:\/\/sparkasse-bielefeld-online.de\/gruendercenter\/netzwerk\/#breadcrumb\",\"itemListElement\":[{\"@type\":\"ListItem\",\"position\":1,\"name\":\"Home\",\"item\":\"https:\/\/sparkasse-bielefeld-online.de\/gruendercenter\/\"},{\"@type\":\"ListItem\",\"position\":2,\"name\":\"Netzwerk\"}]},{\"@type\":\"WebSite\",\"@id\":\"https:\/\/sparkasse-bielefeld-online.de\/gruendercenter\/#website\",\"url\":\"https:\/\/sparkasse-bielefeld-online.de\/gruendercenter\/\",\"name\":\"Gr\u00fcnderCenter\",\"description\":\"der Sparkasse Bielefeld\",\"potentialAction\":[{\"@type\":\"SearchAction\",\"target\":{\"@type\":\"EntryPoint\",\"urlTemplate\":\"https:\/\/sparkasse-bielefeld-online.de\/gruendercenter\/?s={search_term_string}\"},\"query-input\":\"required name=search_term_string\"}],\"inLanguage\":\"de\"}]}<\/script>\n<!-- \/ Yoast SEO plugin. -->","yoast_head_json":{"title":"Netzwerk - Gr\u00fcnderCenter","robots":{"index":"index","follow":"follow","max-snippet":"max-snippet:-1","max-image-preview":"max-image-preview:large","max-video-preview":"max-video-preview:-1"},"canonical":"https:\/\/sparkasse-bielefeld-online.de\/gruendercenter\/netzwerk\/","og_locale":"de_DE","og_type":"article","og_title":"Netzwerk - Gr\u00fcnderCenter","og_description":"Unsere Partner sind Ihre Partner Um Sie bestm\u00f6glich zu unterst\u00fctzen, arbeiten wir eng mit anderen Experten zusammen \u2013 sowohl intern als auch extern. Unsere wichtigsten Partner m\u00f6chten wir Ihnen gerne vorstellen:","og_url":"https:\/\/sparkasse-bielefeld-online.de\/gruendercenter\/netzwerk\/","og_site_name":"Gr\u00fcnderCenter","article_modified_time":"2018-06-22T10:32:49+00:00","twitter_card":"summary_large_image","schema":{"@context":"https:\/\/schema.org","@graph":[{"@type":"WebPage","@id":"https:\/\/sparkasse-bielefeld-online.de\/gruendercenter\/netzwerk\/","url":"https:\/\/sparkasse-bielefeld-online.de\/gruendercenter\/netzwerk\/","name":"Netzwerk - Gr\u00fcnderCenter","isPartOf":{"@id":"https:\/\/sparkasse-bielefeld-online.de\/gruendercenter\/#website"},"datePublished":"2018-04-04T11:09:23+00:00","dateModified":"2018-06-22T10:32:49+00:00","breadcrumb":{"@id":"https:\/\/sparkasse-bielefeld-online.de\/gruendercenter\/netzwerk\/#breadcrumb"},"inLanguage":"de","potentialAction":[{"@type":"ReadAction","target":["https:\/\/sparkasse-bielefeld-online.de\/gruendercenter\/netzwerk\/"]}]},{"@type":"BreadcrumbList","@id":"https:\/\/sparkasse-bielefeld-online.de\/gruendercenter\/netzwerk\/#breadcrumb","itemListElement":[{"@type":"ListItem","position":1,"name":"Home","item":"https:\/\/sparkasse-bielefeld-online.de\/gruendercenter\/"},{"@type":"ListItem","position":2,"name":"Netzwerk"}]},{"@type":"WebSite","@id":"https:\/\/sparkasse-bielefeld-online.de\/gruendercenter\/#website","url":"https:\/\/sparkasse-bielefeld-online.de\/gruendercenter\/","name":"Gr\u00fcnderCenter","description":"der Sparkasse Bielefeld","potentialAction":[{"@type":"SearchAction","target":{"@type":"EntryPoint","urlTemplate":"https:\/\/sparkasse-bielefeld-online.de\/gruendercenter\/?s={search_term_string}"},"query-input":"required name=search_term_string"}],"inLanguage":"de"}]}},"_links":{"self":[{"href":"https:\/\/sparkasse-bielefeld-online.de\/gruendercenter\/wp-json\/wp\/v2\/pages\/29"}],"collection":[{"href":"https:\/\/sparkasse-bielefeld-online.de\/gruendercenter\/wp-json\/wp\/v2\/pages"}],"about":[{"href":"https:\/\/sparkasse-bielefeld-online.de\/gruendercenter\/wp-json\/wp\/v2\/types\/page"}],"author":[{"embeddable":true,"href":"https:\/\/sparkasse-bielefeld-online.de\/gruendercenter\/wp-json\/wp\/v2\/users\/1"}],"replies":[{"embeddable":true,"href":"https:\/\/sparkasse-bielefeld-online.de\/gruendercenter\/wp-json\/wp\/v2\/comments?post=29"}],"version-history":[{"count":2,"href":"https:\/\/sparkasse-bielefeld-online.de\/gruendercenter\/wp-json\/wp\/v2\/pages\/29\/revisions"}],"predecessor-version":[{"id":229,"href":"https:\/\/sparkasse-bielefeld-online.de\/gruendercenter\/wp-json\/wp\/v2\/pages\/29\/revisions\/229"}],"wp:attachment":[{"href":"https:\/\/sparkasse-bielefeld-online.de\/gruendercenter\/wp-json\/wp\/v2\/media?parent=29"}],"curies":[{"name":"wp","href":"https:\/\/api.w.org\/{rel}","templated":true}]}}