{"id":54,"date":"2018-04-06T11:01:53","date_gmt":"2018-04-06T09:01:53","guid":{"rendered":"https:\/\/www.sparkasse-bielefeld-online.de\/gruendercenter\/?page_id=54"},"modified":"2023-11-27T14:47:10","modified_gmt":"2023-11-27T13:47:10","slug":"leistungen","status":"publish","type":"page","link":"https:\/\/sparkasse-bielefeld-online.de\/gruendercenter\/leistungen\/","title":{"rendered":"Leistungen"},"content":{"rendered":"<p><img loading=\"lazy\" decoding=\"async\" class=\"alignright wp-image-250 size-medium\" src=\"https:\/\/www.sparkasse-bielefeld-online.de\/gruendercenter\/wp-content\/uploads\/2018\/06\/GruenderCenter5-300x200.jpg\" alt=\"Leistungen - Gr\u00fcnderCenter der Sparkasse Bielefeld\" width=\"300\" height=\"200\" srcset=\"https:\/\/sparkasse-bielefeld-online.de\/gruendercenter\/wp-content\/uploads\/2018\/06\/GruenderCenter5-300x200.jpg 300w, https:\/\/sparkasse-bielefeld-online.de\/gruendercenter\/wp-content\/uploads\/2018\/06\/GruenderCenter5-768x512.jpg 768w, https:\/\/sparkasse-bielefeld-online.de\/gruendercenter\/wp-content\/uploads\/2018\/06\/GruenderCenter5.jpg 1000w\" sizes=\"(max-width: 300px) 100vw, 300px\" \/>Wir unterst\u00fctzen Sie in allen wichtigen Fragen der Unternehmensgr\u00fcndung &#8211; ganz gleich, ob Sie neu in die Selbstst\u00e4ndigkeit starten oder die Nachfolge in einem bereits vorhandenen Unternehmen antreten m\u00f6chten.<\/p>\n<p>F\u00fcr viele Existenzgr\u00fcnderinnen und Existenzgr\u00fcnder sind die Experten der Sparkasse Bielefeld die ersten Ansprechpartner in finanziellen Angelegenheiten. Im Gr\u00fcnderCenter haben wir alle Gr\u00fcndungsaktivit\u00e4ten an einer Stelle zusammengef\u00fchrt. Dort arbeiten Spezialistinnen und Spezialisten, die sich Ihrem wirtschaftlichen Erfolg verschrieben haben. Mit unserem Know-how helfen wir Ihnen, so manche Fallstricke zu erkennen.<\/p>\n<h2>Unsere Leistungen im \u00dcberlick<\/h2>\n<ul>\n<li><a href=\"https:\/\/www.sparkasse-bielefeld-online.de\/gruendercenter\/leistungen\/neugruendung\/\">Neugr\u00fcndung<\/a><\/li>\n<li><a href=\"https:\/\/www.sparkasse-bielefeld-online.de\/gruendercenter\/leistungen\/nachfolge\/\">Nachfolge<\/a><\/li>\n<li><a href=\"https:\/\/www.sparkasse-bielefeld-online.de\/gruendercenter\/leistungen\/finanzierung\/\">Finanzierung<\/a><\/li>\n<li><a href=\"https:\/\/www.sparkasse-bielefeld-online.de\/gruendercenter\/leistungen\/foerdermittel\/\">F\u00f6rdermittel<\/a><\/li>\n<li><a href=\"https:\/\/www.sparkasse-bielefeld-online.de\/gruendercenter\/leistungen\/zahlungsverkehr\/\">Zahlungsverkehr<\/a><\/li>\n<li><a href=\"https:\/\/www.sparkasse-bielefeld-online.de\/gruendercenter\/leistungen\/schutz-von-risiken\/\">Schutz vor Risiken<\/a><\/li>\n<\/ul>\n<p>&nbsp;<\/p>\n\n\n<p>Bilder auf dieser Seite: (c) S-Communication Services GmbH<\/p>\n","protected":false},"excerpt":{"rendered":"<p>Wir unterst\u00fctzen Sie in allen wichtigen Fragen der Unternehmensgr\u00fcndung &#8211; ganz gleich, ob Sie neu in die Selbstst\u00e4ndigkeit starten oder die Nachfolge in einem bereits vorhandenen Unternehmen antreten m\u00f6chten. F\u00fcr viele Existenzgr\u00fcnderinnen und Existenzgr\u00fcnder sind die Experten der Sparkasse Bielefeld die ersten Ansprechpartner in finanziellen Angelegenheiten. Im Gr\u00fcnderCenter haben wir alle Gr\u00fcndungsaktivit\u00e4ten an einer Stelle [&hellip;]<\/p>\n","protected":false},"author":1,"featured_media":0,"parent":0,"menu_order":0,"comment_status":"closed","ping_status":"closed","template":"page-more-info.php","meta":{"footnotes":""},"yoast_head":"<!-- This site is optimized with the Yoast SEO plugin v23.0 - https:\/\/yoast.com\/wordpress\/plugins\/seo\/ -->\n<title>Leistungen - Gr\u00fcnderCenter<\/title>\n<meta name=\"robots\" content=\"index, follow, max-snippet:-1, max-image-preview:large, max-video-preview:-1\" \/>\n<link rel=\"canonical\" href=\"https:\/\/sparkasse-bielefeld-online.de\/gruendercenter\/leistungen\/\" \/>\n<meta property=\"og:locale\" content=\"de_DE\" \/>\n<meta property=\"og:type\" content=\"article\" \/>\n<meta property=\"og:title\" content=\"Leistungen - Gr\u00fcnderCenter\" \/>\n<meta property=\"og:description\" content=\"Wir unterst\u00fctzen Sie in allen wichtigen Fragen der Unternehmensgr\u00fcndung &#8211; ganz gleich, ob Sie neu in die Selbstst\u00e4ndigkeit starten oder die Nachfolge in einem bereits vorhandenen Unternehmen antreten m\u00f6chten. F\u00fcr viele Existenzgr\u00fcnderinnen und Existenzgr\u00fcnder sind die Experten der Sparkasse Bielefeld die ersten Ansprechpartner in finanziellen Angelegenheiten. Im Gr\u00fcnderCenter haben wir alle Gr\u00fcndungsaktivit\u00e4ten an einer Stelle [&hellip;]\" \/>\n<meta property=\"og:url\" content=\"https:\/\/sparkasse-bielefeld-online.de\/gruendercenter\/leistungen\/\" \/>\n<meta property=\"og:site_name\" content=\"Gr\u00fcnderCenter\" \/>\n<meta property=\"article:modified_time\" content=\"2023-11-27T13:47:10+00:00\" \/>\n<meta property=\"og:image\" content=\"https:\/\/www.sparkasse-bielefeld-online.de\/gruendercenter\/wp-content\/uploads\/2018\/06\/GruenderCenter5-300x200.jpg\" \/>\n<meta name=\"twitter:card\" content=\"summary_large_image\" \/>\n<meta name=\"twitter:label1\" content=\"Gesch\u00e4tzte Lesezeit\" \/>\n\t<meta name=\"twitter:data1\" content=\"1\u00a0Minute\" \/>\n<script type=\"application\/ld+json\" class=\"yoast-schema-graph\">{\"@context\":\"https:\/\/schema.org\",\"@graph\":[{\"@type\":\"WebPage\",\"@id\":\"https:\/\/sparkasse-bielefeld-online.de\/gruendercenter\/leistungen\/\",\"url\":\"https:\/\/sparkasse-bielefeld-online.de\/gruendercenter\/leistungen\/\",\"name\":\"Leistungen - Gr\u00fcnderCenter\",\"isPartOf\":{\"@id\":\"https:\/\/sparkasse-bielefeld-online.de\/gruendercenter\/#website\"},\"primaryImageOfPage\":{\"@id\":\"https:\/\/sparkasse-bielefeld-online.de\/gruendercenter\/leistungen\/#primaryimage\"},\"image\":{\"@id\":\"https:\/\/sparkasse-bielefeld-online.de\/gruendercenter\/leistungen\/#primaryimage\"},\"thumbnailUrl\":\"https:\/\/www.sparkasse-bielefeld-online.de\/gruendercenter\/wp-content\/uploads\/2018\/06\/GruenderCenter5-300x200.jpg\",\"datePublished\":\"2018-04-06T09:01:53+00:00\",\"dateModified\":\"2023-11-27T13:47:10+00:00\",\"breadcrumb\":{\"@id\":\"https:\/\/sparkasse-bielefeld-online.de\/gruendercenter\/leistungen\/#breadcrumb\"},\"inLanguage\":\"de\",\"potentialAction\":[{\"@type\":\"ReadAction\",\"target\":[\"https:\/\/sparkasse-bielefeld-online.de\/gruendercenter\/leistungen\/\"]}]},{\"@type\":\"ImageObject\",\"inLanguage\":\"de\",\"@id\":\"https:\/\/sparkasse-bielefeld-online.de\/gruendercenter\/leistungen\/#primaryimage\",\"url\":\"https:\/\/www.sparkasse-bielefeld-online.de\/gruendercenter\/wp-content\/uploads\/2018\/06\/GruenderCenter5-300x200.jpg\",\"contentUrl\":\"https:\/\/www.sparkasse-bielefeld-online.de\/gruendercenter\/wp-content\/uploads\/2018\/06\/GruenderCenter5-300x200.jpg\"},{\"@type\":\"BreadcrumbList\",\"@id\":\"https:\/\/sparkasse-bielefeld-online.de\/gruendercenter\/leistungen\/#breadcrumb\",\"itemListElement\":[{\"@type\":\"ListItem\",\"position\":1,\"name\":\"Home\",\"item\":\"https:\/\/sparkasse-bielefeld-online.de\/gruendercenter\/\"},{\"@type\":\"ListItem\",\"position\":2,\"name\":\"Leistungen\"}]},{\"@type\":\"WebSite\",\"@id\":\"https:\/\/sparkasse-bielefeld-online.de\/gruendercenter\/#website\",\"url\":\"https:\/\/sparkasse-bielefeld-online.de\/gruendercenter\/\",\"name\":\"Gr\u00fcnderCenter\",\"description\":\"der Sparkasse Bielefeld\",\"potentialAction\":[{\"@type\":\"SearchAction\",\"target\":{\"@type\":\"EntryPoint\",\"urlTemplate\":\"https:\/\/sparkasse-bielefeld-online.de\/gruendercenter\/?s={search_term_string}\"},\"query-input\":\"required name=search_term_string\"}],\"inLanguage\":\"de\"}]}<\/script>\n<!-- \/ Yoast SEO plugin. -->","yoast_head_json":{"title":"Leistungen - Gr\u00fcnderCenter","robots":{"index":"index","follow":"follow","max-snippet":"max-snippet:-1","max-image-preview":"max-image-preview:large","max-video-preview":"max-video-preview:-1"},"canonical":"https:\/\/sparkasse-bielefeld-online.de\/gruendercenter\/leistungen\/","og_locale":"de_DE","og_type":"article","og_title":"Leistungen - Gr\u00fcnderCenter","og_description":"Wir unterst\u00fctzen Sie in allen wichtigen Fragen der Unternehmensgr\u00fcndung &#8211; ganz gleich, ob Sie neu in die Selbstst\u00e4ndigkeit starten oder die Nachfolge in einem bereits vorhandenen Unternehmen antreten m\u00f6chten. F\u00fcr viele Existenzgr\u00fcnderinnen und Existenzgr\u00fcnder sind die Experten der Sparkasse Bielefeld die ersten Ansprechpartner in finanziellen Angelegenheiten. Im Gr\u00fcnderCenter haben wir alle Gr\u00fcndungsaktivit\u00e4ten an einer Stelle [&hellip;]","og_url":"https:\/\/sparkasse-bielefeld-online.de\/gruendercenter\/leistungen\/","og_site_name":"Gr\u00fcnderCenter","article_modified_time":"2023-11-27T13:47:10+00:00","og_image":[{"url":"https:\/\/www.sparkasse-bielefeld-online.de\/gruendercenter\/wp-content\/uploads\/2018\/06\/GruenderCenter5-300x200.jpg"}],"twitter_card":"summary_large_image","twitter_misc":{"Gesch\u00e4tzte Lesezeit":"1\u00a0Minute"},"schema":{"@context":"https:\/\/schema.org","@graph":[{"@type":"WebPage","@id":"https:\/\/sparkasse-bielefeld-online.de\/gruendercenter\/leistungen\/","url":"https:\/\/sparkasse-bielefeld-online.de\/gruendercenter\/leistungen\/","name":"Leistungen - Gr\u00fcnderCenter","isPartOf":{"@id":"https:\/\/sparkasse-bielefeld-online.de\/gruendercenter\/#website"},"primaryImageOfPage":{"@id":"https:\/\/sparkasse-bielefeld-online.de\/gruendercenter\/leistungen\/#primaryimage"},"image":{"@id":"https:\/\/sparkasse-bielefeld-online.de\/gruendercenter\/leistungen\/#primaryimage"},"thumbnailUrl":"https:\/\/www.sparkasse-bielefeld-online.de\/gruendercenter\/wp-content\/uploads\/2018\/06\/GruenderCenter5-300x200.jpg","datePublished":"2018-04-06T09:01:53+00:00","dateModified":"2023-11-27T13:47:10+00:00","breadcrumb":{"@id":"https:\/\/sparkasse-bielefeld-online.de\/gruendercenter\/leistungen\/#breadcrumb"},"inLanguage":"de","potentialAction":[{"@type":"ReadAction","target":["https:\/\/sparkasse-bielefeld-online.de\/gruendercenter\/leistungen\/"]}]},{"@type":"ImageObject","inLanguage":"de","@id":"https:\/\/sparkasse-bielefeld-online.de\/gruendercenter\/leistungen\/#primaryimage","url":"https:\/\/www.sparkasse-bielefeld-online.de\/gruendercenter\/wp-content\/uploads\/2018\/06\/GruenderCenter5-300x200.jpg","contentUrl":"https:\/\/www.sparkasse-bielefeld-online.de\/gruendercenter\/wp-content\/uploads\/2018\/06\/GruenderCenter5-300x200.jpg"},{"@type":"BreadcrumbList","@id":"https:\/\/sparkasse-bielefeld-online.de\/gruendercenter\/leistungen\/#breadcrumb","itemListElement":[{"@type":"ListItem","position":1,"name":"Home","item":"https:\/\/sparkasse-bielefeld-online.de\/gruendercenter\/"},{"@type":"ListItem","position":2,"name":"Leistungen"}]},{"@type":"WebSite","@id":"https:\/\/sparkasse-bielefeld-online.de\/gruendercenter\/#website","url":"https:\/\/sparkasse-bielefeld-online.de\/gruendercenter\/","name":"Gr\u00fcnderCenter","description":"der Sparkasse Bielefeld","potentialAction":[{"@type":"SearchAction","target":{"@type":"EntryPoint","urlTemplate":"https:\/\/sparkasse-bielefeld-online.de\/gruendercenter\/?s={search_term_string}"},"query-input":"required name=search_term_string"}],"inLanguage":"de"}]}},"_links":{"self":[{"href":"https:\/\/sparkasse-bielefeld-online.de\/gruendercenter\/wp-json\/wp\/v2\/pages\/54"}],"collection":[{"href":"https:\/\/sparkasse-bielefeld-online.de\/gruendercenter\/wp-json\/wp\/v2\/pages"}],"about":[{"href":"https:\/\/sparkasse-bielefeld-online.de\/gruendercenter\/wp-json\/wp\/v2\/types\/page"}],"author":[{"embeddable":true,"href":"https:\/\/sparkasse-bielefeld-online.de\/gruendercenter\/wp-json\/wp\/v2\/users\/1"}],"replies":[{"embeddable":true,"href":"https:\/\/sparkasse-bielefeld-online.de\/gruendercenter\/wp-json\/wp\/v2\/comments?post=54"}],"version-history":[{"count":16,"href":"https:\/\/sparkasse-bielefeld-online.de\/gruendercenter\/wp-json\/wp\/v2\/pages\/54\/revisions"}],"predecessor-version":[{"id":1015,"href":"https:\/\/sparkasse-bielefeld-online.de\/gruendercenter\/wp-json\/wp\/v2\/pages\/54\/revisions\/1015"}],"wp:attachment":[{"href":"https:\/\/sparkasse-bielefeld-online.de\/gruendercenter\/wp-json\/wp\/v2\/media?parent=54"}],"curies":[{"name":"wp","href":"https:\/\/api.w.org\/{rel}","templated":true}]}}