{"id":56,"date":"2018-04-06T11:02:13","date_gmt":"2018-04-06T09:02:13","guid":{"rendered":"https:\/\/www.sparkasse-bielefeld-online.de\/gruendercenter\/?page_id=56"},"modified":"2023-11-27T15:18:05","modified_gmt":"2023-11-27T14:18:05","slug":"tipps-know-how","status":"publish","type":"page","link":"https:\/\/sparkasse-bielefeld-online.de\/gruendercenter\/tipps-know-how\/","title":{"rendered":"Tipps &#038; Know-how"},"content":{"rendered":"<p><img loading=\"lazy\" decoding=\"async\" class=\"size-medium wp-image-297 alignright\" src=\"https:\/\/www.sparkasse-bielefeld-online.de\/gruendercenter\/wp-content\/uploads\/2018\/07\/GruenderCenter14-300x200.jpg\" alt=\"Tipps &amp; Know-how - Gr\u00fcnderCenter der Sparkasse Bielefeld\" width=\"300\" height=\"200\" srcset=\"https:\/\/sparkasse-bielefeld-online.de\/gruendercenter\/wp-content\/uploads\/2018\/07\/GruenderCenter14-300x200.jpg 300w, https:\/\/sparkasse-bielefeld-online.de\/gruendercenter\/wp-content\/uploads\/2018\/07\/GruenderCenter14-768x512.jpg 768w, https:\/\/sparkasse-bielefeld-online.de\/gruendercenter\/wp-content\/uploads\/2018\/07\/GruenderCenter14-1024x682.jpg 1024w, https:\/\/sparkasse-bielefeld-online.de\/gruendercenter\/wp-content\/uploads\/2018\/07\/GruenderCenter14.jpg 2000w\" sizes=\"(max-width: 300px) 100vw, 300px\" \/>Wenn man plant, den Schritt in die Selbstst\u00e4ndigkeit zu machen, ein Unternehmen neu zu gr\u00fcnden oder ein bestehendes Unternehmen zu \u00fcbernehmen, gibt es einiges zu beachten. Wir haben f\u00fcr Sie Tipps und Know-how zu verschiedenen wichtigen Themen zusammengestellt:<\/p>\n<ul>\n<li><a href=\"https:\/\/www.sparkasse-bielefeld-online.de\/gruendercenter\/tipps-know-how\/gruendungsfahrplan\/\">Gr\u00fcndungsfahrplan<\/a><\/li>\n<li><a href=\"https:\/\/www.sparkasse-bielefeld-online.de\/gruendercenter\/tipps-know-how\/gespraechsvorbereitung\/\">Gespr\u00e4chsvorbereitung<\/a><\/li>\n<li><a href=\"https:\/\/www.sparkasse-bielefeld-online.de\/gruendercenter\/downloads\/\">Dokumente zum Download<\/a><\/li>\n<li><a href=\"https:\/\/www.sparkasse-bielefeld-online.de\/gruendercenter\/tipps-know-how\/smart-business-plan\/\">Smart Business Plan<\/a><\/li>\n<\/ul>\n<p>&nbsp;<\/p>\n<h3>Ihr Nutzen aus einem pers\u00f6nlichen Beratungsgespr\u00e4ch:<\/h3>\n<ul class=\"list\">\n<li>Sie f\u00fchren ein Vorabgespr\u00e4ch mit Fachleuten aus dem Gr\u00fcnderCenter der Sparkasse Bielefeld.<\/li>\n<li>Sie haben einen Ansprechpartner mit langj\u00e4hrigen Erfahrungen bei der Begleitung von Existenzgr\u00fcndungen.<\/li>\n<li>Sie erhalten einen \u00dcberblick \u00fcber alle wichtigen Details und Unterlagen, die f\u00fcr Ihre Existenzgr\u00fcndung notwendig sind.<\/li>\n<li>Sie erstellen gemeinsam mit uns einen Fahrplan f\u00fcr die n\u00e4chsten Schritte.<\/li>\n<li>Sie erhalten eine umfassende, professionelle und kostenfreie Beratung.<\/li>\n<\/ul>\n\n\n<p>Bilder auf dieser Seite: (c) S-Communication Service GmbH<\/p>\n","protected":false},"excerpt":{"rendered":"<p>Wenn man plant, den Schritt in die Selbstst\u00e4ndigkeit zu machen, ein Unternehmen neu zu gr\u00fcnden oder ein bestehendes Unternehmen zu \u00fcbernehmen, gibt es einiges zu beachten. Wir haben f\u00fcr Sie Tipps und Know-how zu verschiedenen wichtigen Themen zusammengestellt: Gr\u00fcndungsfahrplan Gespr\u00e4chsvorbereitung Dokumente zum Download Smart Business Plan &nbsp; Ihr Nutzen aus einem pers\u00f6nlichen Beratungsgespr\u00e4ch: Sie f\u00fchren [&hellip;]<\/p>\n","protected":false},"author":1,"featured_media":0,"parent":0,"menu_order":0,"comment_status":"closed","ping_status":"closed","template":"page-more-info.php","meta":{"footnotes":""},"yoast_head":"<!-- This site is optimized with the Yoast SEO plugin v23.0 - https:\/\/yoast.com\/wordpress\/plugins\/seo\/ -->\n<title>Tipps &amp; Know-how - Gr\u00fcnderCenter<\/title>\n<meta name=\"robots\" content=\"index, follow, max-snippet:-1, max-image-preview:large, max-video-preview:-1\" \/>\n<link rel=\"canonical\" href=\"https:\/\/sparkasse-bielefeld-online.de\/gruendercenter\/tipps-know-how\/\" \/>\n<meta property=\"og:locale\" content=\"de_DE\" \/>\n<meta property=\"og:type\" content=\"article\" \/>\n<meta property=\"og:title\" content=\"Tipps &amp; Know-how - Gr\u00fcnderCenter\" \/>\n<meta property=\"og:description\" content=\"Wenn man plant, den Schritt in die Selbstst\u00e4ndigkeit zu machen, ein Unternehmen neu zu gr\u00fcnden oder ein bestehendes Unternehmen zu \u00fcbernehmen, gibt es einiges zu beachten. Wir haben f\u00fcr Sie Tipps und Know-how zu verschiedenen wichtigen Themen zusammengestellt: Gr\u00fcndungsfahrplan Gespr\u00e4chsvorbereitung Dokumente zum Download Smart Business Plan &nbsp; Ihr Nutzen aus einem pers\u00f6nlichen Beratungsgespr\u00e4ch: Sie f\u00fchren [&hellip;]\" \/>\n<meta property=\"og:url\" content=\"https:\/\/sparkasse-bielefeld-online.de\/gruendercenter\/tipps-know-how\/\" \/>\n<meta property=\"og:site_name\" content=\"Gr\u00fcnderCenter\" \/>\n<meta property=\"article:modified_time\" content=\"2023-11-27T14:18:05+00:00\" \/>\n<meta property=\"og:image\" content=\"https:\/\/www.sparkasse-bielefeld-online.de\/gruendercenter\/wp-content\/uploads\/2018\/07\/GruenderCenter14-300x200.jpg\" \/>\n<meta name=\"twitter:card\" content=\"summary_large_image\" \/>\n<meta name=\"twitter:label1\" content=\"Gesch\u00e4tzte Lesezeit\" \/>\n\t<meta name=\"twitter:data1\" content=\"1\u00a0Minute\" \/>\n<script type=\"application\/ld+json\" class=\"yoast-schema-graph\">{\"@context\":\"https:\/\/schema.org\",\"@graph\":[{\"@type\":\"WebPage\",\"@id\":\"https:\/\/sparkasse-bielefeld-online.de\/gruendercenter\/tipps-know-how\/\",\"url\":\"https:\/\/sparkasse-bielefeld-online.de\/gruendercenter\/tipps-know-how\/\",\"name\":\"Tipps & Know-how - Gr\u00fcnderCenter\",\"isPartOf\":{\"@id\":\"https:\/\/sparkasse-bielefeld-online.de\/gruendercenter\/#website\"},\"primaryImageOfPage\":{\"@id\":\"https:\/\/sparkasse-bielefeld-online.de\/gruendercenter\/tipps-know-how\/#primaryimage\"},\"image\":{\"@id\":\"https:\/\/sparkasse-bielefeld-online.de\/gruendercenter\/tipps-know-how\/#primaryimage\"},\"thumbnailUrl\":\"https:\/\/www.sparkasse-bielefeld-online.de\/gruendercenter\/wp-content\/uploads\/2018\/07\/GruenderCenter14-300x200.jpg\",\"datePublished\":\"2018-04-06T09:02:13+00:00\",\"dateModified\":\"2023-11-27T14:18:05+00:00\",\"breadcrumb\":{\"@id\":\"https:\/\/sparkasse-bielefeld-online.de\/gruendercenter\/tipps-know-how\/#breadcrumb\"},\"inLanguage\":\"de\",\"potentialAction\":[{\"@type\":\"ReadAction\",\"target\":[\"https:\/\/sparkasse-bielefeld-online.de\/gruendercenter\/tipps-know-how\/\"]}]},{\"@type\":\"ImageObject\",\"inLanguage\":\"de\",\"@id\":\"https:\/\/sparkasse-bielefeld-online.de\/gruendercenter\/tipps-know-how\/#primaryimage\",\"url\":\"https:\/\/www.sparkasse-bielefeld-online.de\/gruendercenter\/wp-content\/uploads\/2018\/07\/GruenderCenter14-300x200.jpg\",\"contentUrl\":\"https:\/\/www.sparkasse-bielefeld-online.de\/gruendercenter\/wp-content\/uploads\/2018\/07\/GruenderCenter14-300x200.jpg\"},{\"@type\":\"BreadcrumbList\",\"@id\":\"https:\/\/sparkasse-bielefeld-online.de\/gruendercenter\/tipps-know-how\/#breadcrumb\",\"itemListElement\":[{\"@type\":\"ListItem\",\"position\":1,\"name\":\"Home\",\"item\":\"https:\/\/sparkasse-bielefeld-online.de\/gruendercenter\/\"},{\"@type\":\"ListItem\",\"position\":2,\"name\":\"Tipps &#038; Know-how\"}]},{\"@type\":\"WebSite\",\"@id\":\"https:\/\/sparkasse-bielefeld-online.de\/gruendercenter\/#website\",\"url\":\"https:\/\/sparkasse-bielefeld-online.de\/gruendercenter\/\",\"name\":\"Gr\u00fcnderCenter\",\"description\":\"der Sparkasse Bielefeld\",\"potentialAction\":[{\"@type\":\"SearchAction\",\"target\":{\"@type\":\"EntryPoint\",\"urlTemplate\":\"https:\/\/sparkasse-bielefeld-online.de\/gruendercenter\/?s={search_term_string}\"},\"query-input\":\"required name=search_term_string\"}],\"inLanguage\":\"de\"}]}<\/script>\n<!-- \/ Yoast SEO plugin. -->","yoast_head_json":{"title":"Tipps & Know-how - Gr\u00fcnderCenter","robots":{"index":"index","follow":"follow","max-snippet":"max-snippet:-1","max-image-preview":"max-image-preview:large","max-video-preview":"max-video-preview:-1"},"canonical":"https:\/\/sparkasse-bielefeld-online.de\/gruendercenter\/tipps-know-how\/","og_locale":"de_DE","og_type":"article","og_title":"Tipps & Know-how - Gr\u00fcnderCenter","og_description":"Wenn man plant, den Schritt in die Selbstst\u00e4ndigkeit zu machen, ein Unternehmen neu zu gr\u00fcnden oder ein bestehendes Unternehmen zu \u00fcbernehmen, gibt es einiges zu beachten. Wir haben f\u00fcr Sie Tipps und Know-how zu verschiedenen wichtigen Themen zusammengestellt: Gr\u00fcndungsfahrplan Gespr\u00e4chsvorbereitung Dokumente zum Download Smart Business Plan &nbsp; Ihr Nutzen aus einem pers\u00f6nlichen Beratungsgespr\u00e4ch: Sie f\u00fchren [&hellip;]","og_url":"https:\/\/sparkasse-bielefeld-online.de\/gruendercenter\/tipps-know-how\/","og_site_name":"Gr\u00fcnderCenter","article_modified_time":"2023-11-27T14:18:05+00:00","og_image":[{"url":"https:\/\/www.sparkasse-bielefeld-online.de\/gruendercenter\/wp-content\/uploads\/2018\/07\/GruenderCenter14-300x200.jpg"}],"twitter_card":"summary_large_image","twitter_misc":{"Gesch\u00e4tzte Lesezeit":"1\u00a0Minute"},"schema":{"@context":"https:\/\/schema.org","@graph":[{"@type":"WebPage","@id":"https:\/\/sparkasse-bielefeld-online.de\/gruendercenter\/tipps-know-how\/","url":"https:\/\/sparkasse-bielefeld-online.de\/gruendercenter\/tipps-know-how\/","name":"Tipps & Know-how - Gr\u00fcnderCenter","isPartOf":{"@id":"https:\/\/sparkasse-bielefeld-online.de\/gruendercenter\/#website"},"primaryImageOfPage":{"@id":"https:\/\/sparkasse-bielefeld-online.de\/gruendercenter\/tipps-know-how\/#primaryimage"},"image":{"@id":"https:\/\/sparkasse-bielefeld-online.de\/gruendercenter\/tipps-know-how\/#primaryimage"},"thumbnailUrl":"https:\/\/www.sparkasse-bielefeld-online.de\/gruendercenter\/wp-content\/uploads\/2018\/07\/GruenderCenter14-300x200.jpg","datePublished":"2018-04-06T09:02:13+00:00","dateModified":"2023-11-27T14:18:05+00:00","breadcrumb":{"@id":"https:\/\/sparkasse-bielefeld-online.de\/gruendercenter\/tipps-know-how\/#breadcrumb"},"inLanguage":"de","potentialAction":[{"@type":"ReadAction","target":["https:\/\/sparkasse-bielefeld-online.de\/gruendercenter\/tipps-know-how\/"]}]},{"@type":"ImageObject","inLanguage":"de","@id":"https:\/\/sparkasse-bielefeld-online.de\/gruendercenter\/tipps-know-how\/#primaryimage","url":"https:\/\/www.sparkasse-bielefeld-online.de\/gruendercenter\/wp-content\/uploads\/2018\/07\/GruenderCenter14-300x200.jpg","contentUrl":"https:\/\/www.sparkasse-bielefeld-online.de\/gruendercenter\/wp-content\/uploads\/2018\/07\/GruenderCenter14-300x200.jpg"},{"@type":"BreadcrumbList","@id":"https:\/\/sparkasse-bielefeld-online.de\/gruendercenter\/tipps-know-how\/#breadcrumb","itemListElement":[{"@type":"ListItem","position":1,"name":"Home","item":"https:\/\/sparkasse-bielefeld-online.de\/gruendercenter\/"},{"@type":"ListItem","position":2,"name":"Tipps &#038; Know-how"}]},{"@type":"WebSite","@id":"https:\/\/sparkasse-bielefeld-online.de\/gruendercenter\/#website","url":"https:\/\/sparkasse-bielefeld-online.de\/gruendercenter\/","name":"Gr\u00fcnderCenter","description":"der Sparkasse Bielefeld","potentialAction":[{"@type":"SearchAction","target":{"@type":"EntryPoint","urlTemplate":"https:\/\/sparkasse-bielefeld-online.de\/gruendercenter\/?s={search_term_string}"},"query-input":"required name=search_term_string"}],"inLanguage":"de"}]}},"_links":{"self":[{"href":"https:\/\/sparkasse-bielefeld-online.de\/gruendercenter\/wp-json\/wp\/v2\/pages\/56"}],"collection":[{"href":"https:\/\/sparkasse-bielefeld-online.de\/gruendercenter\/wp-json\/wp\/v2\/pages"}],"about":[{"href":"https:\/\/sparkasse-bielefeld-online.de\/gruendercenter\/wp-json\/wp\/v2\/types\/page"}],"author":[{"embeddable":true,"href":"https:\/\/sparkasse-bielefeld-online.de\/gruendercenter\/wp-json\/wp\/v2\/users\/1"}],"replies":[{"embeddable":true,"href":"https:\/\/sparkasse-bielefeld-online.de\/gruendercenter\/wp-json\/wp\/v2\/comments?post=56"}],"version-history":[{"count":13,"href":"https:\/\/sparkasse-bielefeld-online.de\/gruendercenter\/wp-json\/wp\/v2\/pages\/56\/revisions"}],"predecessor-version":[{"id":1026,"href":"https:\/\/sparkasse-bielefeld-online.de\/gruendercenter\/wp-json\/wp\/v2\/pages\/56\/revisions\/1026"}],"wp:attachment":[{"href":"https:\/\/sparkasse-bielefeld-online.de\/gruendercenter\/wp-json\/wp\/v2\/media?parent=56"}],"curies":[{"name":"wp","href":"https:\/\/api.w.org\/{rel}","templated":true}]}}