{"id":560,"date":"2020-03-24T14:37:23","date_gmt":"2020-03-24T13:37:23","guid":{"rendered":"https:\/\/www.sparkasse-bielefeld-online.de\/gruendercenter\/?page_id=560"},"modified":"2020-03-24T14:42:40","modified_gmt":"2020-03-24T13:42:40","slug":"datenschutzerklaerung","status":"publish","type":"page","link":"https:\/\/sparkasse-bielefeld-online.de\/gruendercenter\/datenschutzerklaerung\/","title":{"rendered":"Datenschutzerkl\u00e4rung"},"content":{"rendered":"\n<div class=\"wpcn-optout-box\"><a id=\"wpcn-optout-link\" href=\"#optout\" title=\"Ich m\u00f6chte der von mir erlassenen Cookie-Zustimmung widersprechen.\"><strong>Cookies:<\/strong> Ich m\u00f6chte der von mir erlassenen Cookie-Zustimmung widersprechen.<\/a><\/div>\n\n\n\n<div style=\"height:30px\" aria-hidden=\"true\" class=\"wp-block-spacer\"><\/div>\n\n\n\n<p><strong>Einbindung von Google Tag Manager<\/strong><\/p>\n\n\n\n<p>Auf dieser Webseite wird der Google Tag Manager eingesetzt. Der Google Tag Manager ist eine L\u00f6sung von Google LLC, mit der Unternehmen Website-Tags \u00fcber eine Oberfl\u00e4che verwalten k\u00f6nnen. Bei dem Google Tag Manager handelt es sich um eine cookielose Domain, die keine personenbezogenen Daten erfasst. Der Google Tag Manager sorgt f\u00fcr die Ausl\u00f6sung anderer Tags, die ihrerseits unter Umst\u00e4nden Daten erfassen. Darauf weisen wir hiermit gesondert hin. Der Google Tag Manager greift nicht auf diese Daten zu. Sofern auf Domain- oder Cookie-Ebene eine Deaktivierung von dem Nutzer vorgenommen wurde, bleibt diese f\u00fcr alle Tracking-Tags bestehen, die mit Google Tag Manager implementiert werden.<\/p>\n\n\n\n<p>Im Auftrag des Betreibers dieser Website wird Google diese Informationen benutzen, um Ihre Nutzung der Website auszuwerten, um Reports \u00fcber die Websiteaktivit\u00e4ten zusammenzustellen und um weitere mit der Websitenutzung und der Internetnutzung verbundene Dienstleistungen gegen\u00fcber dem Websitebetreiber zu erbringen. Dazu verwendet Google Pseudonyme. Die im Rahmen von Google Analytics von Ihrem Browser \u00fcbermittelte IP-Adresse wird nicht mit anderen Daten von Google zusammengef\u00fchrt.<\/p>\n\n\n\n<p>Mehr Informationen zum Google Tag Manager finden Sie unter:&nbsp;<a href=\"https:\/\/www.google.com\/intl\/tagmanager\/\">https:\/\/www.google.com\/intl\/tagmanager\/<\/a><\/p>\n\n\n\n<p><strong>Weitere Datenschutzhinweise:<\/strong> <a href=\"https:\/\/www.sparkasse-bielefeld.de\/de\/home\/toolbar\/datenschutz.html\">https:\/\/www.sparkasse-bielefeld.de\/de\/home\/toolbar\/datenschutz.html<\/a><\/p>\n","protected":false},"excerpt":{"rendered":"<p>Einbindung von Google Tag Manager Auf dieser Webseite wird der Google Tag Manager eingesetzt. Der Google Tag Manager ist eine L\u00f6sung von Google LLC, mit der Unternehmen Website-Tags \u00fcber eine Oberfl\u00e4che verwalten k\u00f6nnen. Bei dem Google Tag Manager handelt es sich um eine cookielose Domain, die keine personenbezogenen Daten erfasst. Der Google Tag Manager sorgt [&hellip;]<\/p>\n","protected":false},"author":1,"featured_media":0,"parent":0,"menu_order":0,"comment_status":"closed","ping_status":"closed","template":"full-width.php","meta":{"footnotes":""},"yoast_head":"<!-- This site is optimized with the Yoast SEO plugin v23.0 - https:\/\/yoast.com\/wordpress\/plugins\/seo\/ -->\n<title>Datenschutzerkl\u00e4rung - Gr\u00fcnderCenter<\/title>\n<meta name=\"robots\" content=\"index, follow, max-snippet:-1, max-image-preview:large, max-video-preview:-1\" \/>\n<link rel=\"canonical\" href=\"https:\/\/sparkasse-bielefeld-online.de\/gruendercenter\/datenschutzerklaerung\/\" \/>\n<meta property=\"og:locale\" content=\"de_DE\" \/>\n<meta property=\"og:type\" content=\"article\" \/>\n<meta property=\"og:title\" content=\"Datenschutzerkl\u00e4rung - Gr\u00fcnderCenter\" \/>\n<meta property=\"og:description\" content=\"Einbindung von Google Tag Manager Auf dieser Webseite wird der Google Tag Manager eingesetzt. Der Google Tag Manager ist eine L\u00f6sung von Google LLC, mit der Unternehmen Website-Tags \u00fcber eine Oberfl\u00e4che verwalten k\u00f6nnen. Bei dem Google Tag Manager handelt es sich um eine cookielose Domain, die keine personenbezogenen Daten erfasst. Der Google Tag Manager sorgt [&hellip;]\" \/>\n<meta property=\"og:url\" content=\"https:\/\/sparkasse-bielefeld-online.de\/gruendercenter\/datenschutzerklaerung\/\" \/>\n<meta property=\"og:site_name\" content=\"Gr\u00fcnderCenter\" \/>\n<meta property=\"article:modified_time\" content=\"2020-03-24T13:42:40+00:00\" \/>\n<meta name=\"twitter:card\" content=\"summary_large_image\" \/>\n<meta name=\"twitter:label1\" content=\"Gesch\u00e4tzte Lesezeit\" \/>\n\t<meta name=\"twitter:data1\" content=\"1\u00a0Minute\" \/>\n<script type=\"application\/ld+json\" class=\"yoast-schema-graph\">{\"@context\":\"https:\/\/schema.org\",\"@graph\":[{\"@type\":\"WebPage\",\"@id\":\"https:\/\/sparkasse-bielefeld-online.de\/gruendercenter\/datenschutzerklaerung\/\",\"url\":\"https:\/\/sparkasse-bielefeld-online.de\/gruendercenter\/datenschutzerklaerung\/\",\"name\":\"Datenschutzerkl\u00e4rung - Gr\u00fcnderCenter\",\"isPartOf\":{\"@id\":\"https:\/\/sparkasse-bielefeld-online.de\/gruendercenter\/#website\"},\"datePublished\":\"2020-03-24T13:37:23+00:00\",\"dateModified\":\"2020-03-24T13:42:40+00:00\",\"breadcrumb\":{\"@id\":\"https:\/\/sparkasse-bielefeld-online.de\/gruendercenter\/datenschutzerklaerung\/#breadcrumb\"},\"inLanguage\":\"de\",\"potentialAction\":[{\"@type\":\"ReadAction\",\"target\":[\"https:\/\/sparkasse-bielefeld-online.de\/gruendercenter\/datenschutzerklaerung\/\"]}]},{\"@type\":\"BreadcrumbList\",\"@id\":\"https:\/\/sparkasse-bielefeld-online.de\/gruendercenter\/datenschutzerklaerung\/#breadcrumb\",\"itemListElement\":[{\"@type\":\"ListItem\",\"position\":1,\"name\":\"Home\",\"item\":\"https:\/\/sparkasse-bielefeld-online.de\/gruendercenter\/\"},{\"@type\":\"ListItem\",\"position\":2,\"name\":\"Datenschutzerkl\u00e4rung\"}]},{\"@type\":\"WebSite\",\"@id\":\"https:\/\/sparkasse-bielefeld-online.de\/gruendercenter\/#website\",\"url\":\"https:\/\/sparkasse-bielefeld-online.de\/gruendercenter\/\",\"name\":\"Gr\u00fcnderCenter\",\"description\":\"der Sparkasse Bielefeld\",\"potentialAction\":[{\"@type\":\"SearchAction\",\"target\":{\"@type\":\"EntryPoint\",\"urlTemplate\":\"https:\/\/sparkasse-bielefeld-online.de\/gruendercenter\/?s={search_term_string}\"},\"query-input\":\"required name=search_term_string\"}],\"inLanguage\":\"de\"}]}<\/script>\n<!-- \/ Yoast SEO plugin. -->","yoast_head_json":{"title":"Datenschutzerkl\u00e4rung - Gr\u00fcnderCenter","robots":{"index":"index","follow":"follow","max-snippet":"max-snippet:-1","max-image-preview":"max-image-preview:large","max-video-preview":"max-video-preview:-1"},"canonical":"https:\/\/sparkasse-bielefeld-online.de\/gruendercenter\/datenschutzerklaerung\/","og_locale":"de_DE","og_type":"article","og_title":"Datenschutzerkl\u00e4rung - Gr\u00fcnderCenter","og_description":"Einbindung von Google Tag Manager Auf dieser Webseite wird der Google Tag Manager eingesetzt. Der Google Tag Manager ist eine L\u00f6sung von Google LLC, mit der Unternehmen Website-Tags \u00fcber eine Oberfl\u00e4che verwalten k\u00f6nnen. Bei dem Google Tag Manager handelt es sich um eine cookielose Domain, die keine personenbezogenen Daten erfasst. Der Google Tag Manager sorgt [&hellip;]","og_url":"https:\/\/sparkasse-bielefeld-online.de\/gruendercenter\/datenschutzerklaerung\/","og_site_name":"Gr\u00fcnderCenter","article_modified_time":"2020-03-24T13:42:40+00:00","twitter_card":"summary_large_image","twitter_misc":{"Gesch\u00e4tzte Lesezeit":"1\u00a0Minute"},"schema":{"@context":"https:\/\/schema.org","@graph":[{"@type":"WebPage","@id":"https:\/\/sparkasse-bielefeld-online.de\/gruendercenter\/datenschutzerklaerung\/","url":"https:\/\/sparkasse-bielefeld-online.de\/gruendercenter\/datenschutzerklaerung\/","name":"Datenschutzerkl\u00e4rung - Gr\u00fcnderCenter","isPartOf":{"@id":"https:\/\/sparkasse-bielefeld-online.de\/gruendercenter\/#website"},"datePublished":"2020-03-24T13:37:23+00:00","dateModified":"2020-03-24T13:42:40+00:00","breadcrumb":{"@id":"https:\/\/sparkasse-bielefeld-online.de\/gruendercenter\/datenschutzerklaerung\/#breadcrumb"},"inLanguage":"de","potentialAction":[{"@type":"ReadAction","target":["https:\/\/sparkasse-bielefeld-online.de\/gruendercenter\/datenschutzerklaerung\/"]}]},{"@type":"BreadcrumbList","@id":"https:\/\/sparkasse-bielefeld-online.de\/gruendercenter\/datenschutzerklaerung\/#breadcrumb","itemListElement":[{"@type":"ListItem","position":1,"name":"Home","item":"https:\/\/sparkasse-bielefeld-online.de\/gruendercenter\/"},{"@type":"ListItem","position":2,"name":"Datenschutzerkl\u00e4rung"}]},{"@type":"WebSite","@id":"https:\/\/sparkasse-bielefeld-online.de\/gruendercenter\/#website","url":"https:\/\/sparkasse-bielefeld-online.de\/gruendercenter\/","name":"Gr\u00fcnderCenter","description":"der Sparkasse Bielefeld","potentialAction":[{"@type":"SearchAction","target":{"@type":"EntryPoint","urlTemplate":"https:\/\/sparkasse-bielefeld-online.de\/gruendercenter\/?s={search_term_string}"},"query-input":"required name=search_term_string"}],"inLanguage":"de"}]}},"_links":{"self":[{"href":"https:\/\/sparkasse-bielefeld-online.de\/gruendercenter\/wp-json\/wp\/v2\/pages\/560"}],"collection":[{"href":"https:\/\/sparkasse-bielefeld-online.de\/gruendercenter\/wp-json\/wp\/v2\/pages"}],"about":[{"href":"https:\/\/sparkasse-bielefeld-online.de\/gruendercenter\/wp-json\/wp\/v2\/types\/page"}],"author":[{"embeddable":true,"href":"https:\/\/sparkasse-bielefeld-online.de\/gruendercenter\/wp-json\/wp\/v2\/users\/1"}],"replies":[{"embeddable":true,"href":"https:\/\/sparkasse-bielefeld-online.de\/gruendercenter\/wp-json\/wp\/v2\/comments?post=560"}],"version-history":[{"count":6,"href":"https:\/\/sparkasse-bielefeld-online.de\/gruendercenter\/wp-json\/wp\/v2\/pages\/560\/revisions"}],"predecessor-version":[{"id":567,"href":"https:\/\/sparkasse-bielefeld-online.de\/gruendercenter\/wp-json\/wp\/v2\/pages\/560\/revisions\/567"}],"wp:attachment":[{"href":"https:\/\/sparkasse-bielefeld-online.de\/gruendercenter\/wp-json\/wp\/v2\/media?parent=560"}],"curies":[{"name":"wp","href":"https:\/\/api.w.org\/{rel}","templated":true}]}}