{"id":654,"date":"2021-06-23T16:28:10","date_gmt":"2021-06-23T14:28:10","guid":{"rendered":"https:\/\/www.sparkasse-bielefeld-online.de\/gruendercenter\/?page_id=654"},"modified":"2023-11-27T14:49:18","modified_gmt":"2023-11-27T13:49:18","slug":"praxisgruendung-und-uebernahme","status":"publish","type":"page","link":"https:\/\/sparkasse-bielefeld-online.de\/gruendercenter\/praxisgruendung-und-uebernahme\/","title":{"rendered":"Praxisgr\u00fcndung und -\u00fcbernahme"},"content":{"rendered":"\n<h2 class=\"wp-block-heading\">Unser Know-How f\u00fcr Ihren Erfolg<\/h2>\n\n\n\n<div class=\"wp-block-group\"><div class=\"wp-block-group__inner-container is-layout-flow wp-block-group-is-layout-flow\">\n<div class=\"wp-block-group\"><div class=\"wp-block-group__inner-container is-layout-flow wp-block-group-is-layout-flow\"><div class=\"wp-block-image\">\n<figure class=\"alignright size-large is-resized\"><img loading=\"lazy\" decoding=\"async\" width=\"1024\" height=\"683\" src=\"https:\/\/www.sparkasse-bielefeld-online.de\/gruendercenter\/wp-content\/uploads\/2021\/06\/Junger_Arzt-1024x683.jpg\" alt=\"\" class=\"wp-image-665\" style=\"width:338px;height:225px\" srcset=\"https:\/\/sparkasse-bielefeld-online.de\/gruendercenter\/wp-content\/uploads\/2021\/06\/Junger_Arzt-1024x683.jpg 1024w, https:\/\/sparkasse-bielefeld-online.de\/gruendercenter\/wp-content\/uploads\/2021\/06\/Junger_Arzt-300x200.jpg 300w, https:\/\/sparkasse-bielefeld-online.de\/gruendercenter\/wp-content\/uploads\/2021\/06\/Junger_Arzt-768x512.jpg 768w, https:\/\/sparkasse-bielefeld-online.de\/gruendercenter\/wp-content\/uploads\/2021\/06\/Junger_Arzt.jpg 1500w\" sizes=\"(max-width: 1024px) 100vw, 1024px\" \/><\/figure><\/div>\n\n\n<p>Die wichtigste Entscheidung haben Sie bereits getroffen: Sie planen eine eigene Arztpraxis oder Apotheke zu \u00fcbernehmen oder neu zu gr\u00fcnden! Bis es soweit ist und Sie die ersten Patientinnen und Patienten begr\u00fc\u00dfen k\u00f6nnen oder sich die T\u00fcren Ihrer Apotheke zum ersten Mal f\u00fcr Besucher \u00f6ffnen, gilt es noch einige Vorbereitungen zu treffen. Dabei unterst\u00fctzen wir Sie! <\/p>\n<\/div><\/div>\n<\/div><\/div>\n\n\n\n<p>Wir &#8211; die Sparkasse Bielefeld &#8211; haben einen Experten, der Sie mit langj\u00e4hriger Erfahrung und viel Know-How zum Thema Heilberufe ber\u00e4t. Als \u00c4rztin oder Arzt, Apotheker und Heilberufler sind Sie bei uns in guten H\u00e4nden.<\/p>\n\n\n\n<h2 class=\"wp-block-heading\">Profitieren Sie von unserer Expertise <\/h2>\n\n\n\n<ul>\n<li>Wir begleiten Sie professionell auf Ihrem Weg zur Existenzgr\u00fcndung. Egal, ob es dabei um die Neugr\u00fcndung oder die \u00dcbernahme einer Praxis oder Apotheke geht.<\/li>\n\n\n\n<li>Wir kennen uns mit den besonderen Fragen in Ihrer Branche aus und begleiten Sie in allen Phasen in die berufliche Selbstst\u00e4ndigkeit.<\/li>\n\n\n\n<li>Sie profitieren von unserer N\u00e4he und Erreichbarkeit und kurzen Entscheidungswegen.<\/li>\n\n\n\n<li>Wir beraten Sie bei der Aufstellung eines Finanzierungsplans und bei den M\u00f6glichkeiten zur Einbindung \u00f6ffentlicher Mittel.<\/li>\n\n\n\n<li>Auch f\u00fcr Ihren Zahlungsverkehr und das Cash-Management haben wir die richtigen L\u00f6sungen f\u00fcr Ihre Praxis oder Apotheke.<\/li>\n\n\n\n<li>Unsere Beratung schlie\u00dft dar\u00fcber hinaus selbstverst\u00e4ndlich auch so wichtige Fragen wie die Absicherung betrieblicher und pers\u00f6nlicher Risiken mit ein.<\/li>\n<\/ul>\n\n\n\n<h2 class=\"wp-block-heading\">Sprechen Sie mit uns \u00fcber Ihr Vorhaben<\/h2>\n\n\n\n<p>Gemeinsam entwickeln wir einen Plan, mit dem Sie Ihre Ziele erreichen k\u00f6nnen. Sprechen Sie uns einfach an!<\/p>\n\n\n\n<p>Ihr Ansprechpartner ist Ernst-Armin M\u00fcller, unser Experte f\u00fcr das Thema Existenzgr\u00fcndung in Heilberufen.<\/p>\n\n\n\n<div class=\"wp-block-media-text alignwide is-stacked-on-mobile\" style=\"grid-template-columns:21% auto\"><figure class=\"wp-block-media-text__media\"><img loading=\"lazy\" decoding=\"async\" width=\"350\" height=\"400\" src=\"https:\/\/www.sparkasse-bielefeld-online.de\/gruendercenter\/wp-content\/uploads\/2021\/06\/Ernst-Armin-Mueller.jpg\" alt=\"Ernst-Armin M\u00fcller - Betreuer f\u00fcr Heilberufe bei der Sparkasse Bielefeld\" class=\"wp-image-685 size-full\" srcset=\"https:\/\/sparkasse-bielefeld-online.de\/gruendercenter\/wp-content\/uploads\/2021\/06\/Ernst-Armin-Mueller.jpg 350w, https:\/\/sparkasse-bielefeld-online.de\/gruendercenter\/wp-content\/uploads\/2021\/06\/Ernst-Armin-Mueller-263x300.jpg 263w\" sizes=\"(max-width: 350px) 100vw, 350px\" \/><\/figure><div class=\"wp-block-media-text__content\">\n<p style=\"font-size:30px\">Ernst-Armin M\u00fcller<\/p>\n\n\n\n<p><strong>Heilberufebetreuer<\/strong><\/p>\n\n\n\n<p>Telefon: 0521 294-1520<br>E-Mail: ernst-armin.mueller@sparkasse-bielefeld.de<\/p>\n<\/div><\/div>\n\n\n\n<p>Bilder oben auf dieser Seite: (c) S-Communication Services GmbH<\/p>\n","protected":false},"excerpt":{"rendered":"<p>Unser Know-How f\u00fcr Ihren Erfolg Die wichtigste Entscheidung haben Sie bereits getroffen: Sie planen eine eigene Arztpraxis oder Apotheke zu \u00fcbernehmen oder neu zu gr\u00fcnden! Bis es soweit ist und Sie die ersten Patientinnen und Patienten begr\u00fc\u00dfen k\u00f6nnen oder sich die T\u00fcren Ihrer Apotheke zum ersten Mal f\u00fcr Besucher \u00f6ffnen, gilt es noch einige Vorbereitungen [&hellip;]<\/p>\n","protected":false},"author":4,"featured_media":0,"parent":0,"menu_order":0,"comment_status":"closed","ping_status":"closed","template":"page-more-info.php","meta":{"footnotes":""},"yoast_head":"<!-- This site is optimized with the Yoast SEO plugin v23.0 - https:\/\/yoast.com\/wordpress\/plugins\/seo\/ -->\n<title>Praxisgr\u00fcndung und -\u00fcbernahme - Gr\u00fcnderCenter<\/title>\n<meta name=\"robots\" content=\"index, follow, max-snippet:-1, max-image-preview:large, max-video-preview:-1\" \/>\n<link rel=\"canonical\" href=\"https:\/\/sparkasse-bielefeld-online.de\/gruendercenter\/praxisgruendung-und-uebernahme\/\" \/>\n<meta property=\"og:locale\" content=\"de_DE\" \/>\n<meta property=\"og:type\" content=\"article\" \/>\n<meta property=\"og:title\" content=\"Praxisgr\u00fcndung und -\u00fcbernahme - Gr\u00fcnderCenter\" \/>\n<meta property=\"og:description\" content=\"Unser Know-How f\u00fcr Ihren Erfolg Die wichtigste Entscheidung haben Sie bereits getroffen: Sie planen eine eigene Arztpraxis oder Apotheke zu \u00fcbernehmen oder neu zu gr\u00fcnden! Bis es soweit ist und Sie die ersten Patientinnen und Patienten begr\u00fc\u00dfen k\u00f6nnen oder sich die T\u00fcren Ihrer Apotheke zum ersten Mal f\u00fcr Besucher \u00f6ffnen, gilt es noch einige Vorbereitungen [&hellip;]\" \/>\n<meta property=\"og:url\" content=\"https:\/\/sparkasse-bielefeld-online.de\/gruendercenter\/praxisgruendung-und-uebernahme\/\" \/>\n<meta property=\"og:site_name\" content=\"Gr\u00fcnderCenter\" \/>\n<meta property=\"article:modified_time\" content=\"2023-11-27T13:49:18+00:00\" \/>\n<meta property=\"og:image\" content=\"https:\/\/www.sparkasse-bielefeld-online.de\/gruendercenter\/wp-content\/uploads\/2021\/06\/Junger_Arzt-1024x683.jpg\" \/>\n<meta name=\"twitter:card\" content=\"summary_large_image\" \/>\n<meta name=\"twitter:label1\" content=\"Gesch\u00e4tzte Lesezeit\" \/>\n\t<meta name=\"twitter:data1\" content=\"1\u00a0Minute\" \/>\n<script type=\"application\/ld+json\" class=\"yoast-schema-graph\">{\"@context\":\"https:\/\/schema.org\",\"@graph\":[{\"@type\":\"WebPage\",\"@id\":\"https:\/\/sparkasse-bielefeld-online.de\/gruendercenter\/praxisgruendung-und-uebernahme\/\",\"url\":\"https:\/\/sparkasse-bielefeld-online.de\/gruendercenter\/praxisgruendung-und-uebernahme\/\",\"name\":\"Praxisgr\u00fcndung und -\u00fcbernahme - Gr\u00fcnderCenter\",\"isPartOf\":{\"@id\":\"https:\/\/sparkasse-bielefeld-online.de\/gruendercenter\/#website\"},\"primaryImageOfPage\":{\"@id\":\"https:\/\/sparkasse-bielefeld-online.de\/gruendercenter\/praxisgruendung-und-uebernahme\/#primaryimage\"},\"image\":{\"@id\":\"https:\/\/sparkasse-bielefeld-online.de\/gruendercenter\/praxisgruendung-und-uebernahme\/#primaryimage\"},\"thumbnailUrl\":\"https:\/\/www.sparkasse-bielefeld-online.de\/gruendercenter\/wp-content\/uploads\/2021\/06\/Junger_Arzt-1024x683.jpg\",\"datePublished\":\"2021-06-23T14:28:10+00:00\",\"dateModified\":\"2023-11-27T13:49:18+00:00\",\"breadcrumb\":{\"@id\":\"https:\/\/sparkasse-bielefeld-online.de\/gruendercenter\/praxisgruendung-und-uebernahme\/#breadcrumb\"},\"inLanguage\":\"de\",\"potentialAction\":[{\"@type\":\"ReadAction\",\"target\":[\"https:\/\/sparkasse-bielefeld-online.de\/gruendercenter\/praxisgruendung-und-uebernahme\/\"]}]},{\"@type\":\"ImageObject\",\"inLanguage\":\"de\",\"@id\":\"https:\/\/sparkasse-bielefeld-online.de\/gruendercenter\/praxisgruendung-und-uebernahme\/#primaryimage\",\"url\":\"https:\/\/www.sparkasse-bielefeld-online.de\/gruendercenter\/wp-content\/uploads\/2021\/06\/Junger_Arzt-1024x683.jpg\",\"contentUrl\":\"https:\/\/www.sparkasse-bielefeld-online.de\/gruendercenter\/wp-content\/uploads\/2021\/06\/Junger_Arzt-1024x683.jpg\"},{\"@type\":\"BreadcrumbList\",\"@id\":\"https:\/\/sparkasse-bielefeld-online.de\/gruendercenter\/praxisgruendung-und-uebernahme\/#breadcrumb\",\"itemListElement\":[{\"@type\":\"ListItem\",\"position\":1,\"name\":\"Home\",\"item\":\"https:\/\/sparkasse-bielefeld-online.de\/gruendercenter\/\"},{\"@type\":\"ListItem\",\"position\":2,\"name\":\"Praxisgr\u00fcndung und -\u00fcbernahme\"}]},{\"@type\":\"WebSite\",\"@id\":\"https:\/\/sparkasse-bielefeld-online.de\/gruendercenter\/#website\",\"url\":\"https:\/\/sparkasse-bielefeld-online.de\/gruendercenter\/\",\"name\":\"Gr\u00fcnderCenter\",\"description\":\"der Sparkasse Bielefeld\",\"potentialAction\":[{\"@type\":\"SearchAction\",\"target\":{\"@type\":\"EntryPoint\",\"urlTemplate\":\"https:\/\/sparkasse-bielefeld-online.de\/gruendercenter\/?s={search_term_string}\"},\"query-input\":\"required name=search_term_string\"}],\"inLanguage\":\"de\"}]}<\/script>\n<!-- \/ Yoast SEO plugin. -->","yoast_head_json":{"title":"Praxisgr\u00fcndung und -\u00fcbernahme - Gr\u00fcnderCenter","robots":{"index":"index","follow":"follow","max-snippet":"max-snippet:-1","max-image-preview":"max-image-preview:large","max-video-preview":"max-video-preview:-1"},"canonical":"https:\/\/sparkasse-bielefeld-online.de\/gruendercenter\/praxisgruendung-und-uebernahme\/","og_locale":"de_DE","og_type":"article","og_title":"Praxisgr\u00fcndung und -\u00fcbernahme - Gr\u00fcnderCenter","og_description":"Unser Know-How f\u00fcr Ihren Erfolg Die wichtigste Entscheidung haben Sie bereits getroffen: Sie planen eine eigene Arztpraxis oder Apotheke zu \u00fcbernehmen oder neu zu gr\u00fcnden! Bis es soweit ist und Sie die ersten Patientinnen und Patienten begr\u00fc\u00dfen k\u00f6nnen oder sich die T\u00fcren Ihrer Apotheke zum ersten Mal f\u00fcr Besucher \u00f6ffnen, gilt es noch einige Vorbereitungen [&hellip;]","og_url":"https:\/\/sparkasse-bielefeld-online.de\/gruendercenter\/praxisgruendung-und-uebernahme\/","og_site_name":"Gr\u00fcnderCenter","article_modified_time":"2023-11-27T13:49:18+00:00","og_image":[{"url":"https:\/\/www.sparkasse-bielefeld-online.de\/gruendercenter\/wp-content\/uploads\/2021\/06\/Junger_Arzt-1024x683.jpg"}],"twitter_card":"summary_large_image","twitter_misc":{"Gesch\u00e4tzte Lesezeit":"1\u00a0Minute"},"schema":{"@context":"https:\/\/schema.org","@graph":[{"@type":"WebPage","@id":"https:\/\/sparkasse-bielefeld-online.de\/gruendercenter\/praxisgruendung-und-uebernahme\/","url":"https:\/\/sparkasse-bielefeld-online.de\/gruendercenter\/praxisgruendung-und-uebernahme\/","name":"Praxisgr\u00fcndung und -\u00fcbernahme - Gr\u00fcnderCenter","isPartOf":{"@id":"https:\/\/sparkasse-bielefeld-online.de\/gruendercenter\/#website"},"primaryImageOfPage":{"@id":"https:\/\/sparkasse-bielefeld-online.de\/gruendercenter\/praxisgruendung-und-uebernahme\/#primaryimage"},"image":{"@id":"https:\/\/sparkasse-bielefeld-online.de\/gruendercenter\/praxisgruendung-und-uebernahme\/#primaryimage"},"thumbnailUrl":"https:\/\/www.sparkasse-bielefeld-online.de\/gruendercenter\/wp-content\/uploads\/2021\/06\/Junger_Arzt-1024x683.jpg","datePublished":"2021-06-23T14:28:10+00:00","dateModified":"2023-11-27T13:49:18+00:00","breadcrumb":{"@id":"https:\/\/sparkasse-bielefeld-online.de\/gruendercenter\/praxisgruendung-und-uebernahme\/#breadcrumb"},"inLanguage":"de","potentialAction":[{"@type":"ReadAction","target":["https:\/\/sparkasse-bielefeld-online.de\/gruendercenter\/praxisgruendung-und-uebernahme\/"]}]},{"@type":"ImageObject","inLanguage":"de","@id":"https:\/\/sparkasse-bielefeld-online.de\/gruendercenter\/praxisgruendung-und-uebernahme\/#primaryimage","url":"https:\/\/www.sparkasse-bielefeld-online.de\/gruendercenter\/wp-content\/uploads\/2021\/06\/Junger_Arzt-1024x683.jpg","contentUrl":"https:\/\/www.sparkasse-bielefeld-online.de\/gruendercenter\/wp-content\/uploads\/2021\/06\/Junger_Arzt-1024x683.jpg"},{"@type":"BreadcrumbList","@id":"https:\/\/sparkasse-bielefeld-online.de\/gruendercenter\/praxisgruendung-und-uebernahme\/#breadcrumb","itemListElement":[{"@type":"ListItem","position":1,"name":"Home","item":"https:\/\/sparkasse-bielefeld-online.de\/gruendercenter\/"},{"@type":"ListItem","position":2,"name":"Praxisgr\u00fcndung und -\u00fcbernahme"}]},{"@type":"WebSite","@id":"https:\/\/sparkasse-bielefeld-online.de\/gruendercenter\/#website","url":"https:\/\/sparkasse-bielefeld-online.de\/gruendercenter\/","name":"Gr\u00fcnderCenter","description":"der Sparkasse Bielefeld","potentialAction":[{"@type":"SearchAction","target":{"@type":"EntryPoint","urlTemplate":"https:\/\/sparkasse-bielefeld-online.de\/gruendercenter\/?s={search_term_string}"},"query-input":"required name=search_term_string"}],"inLanguage":"de"}]}},"_links":{"self":[{"href":"https:\/\/sparkasse-bielefeld-online.de\/gruendercenter\/wp-json\/wp\/v2\/pages\/654"}],"collection":[{"href":"https:\/\/sparkasse-bielefeld-online.de\/gruendercenter\/wp-json\/wp\/v2\/pages"}],"about":[{"href":"https:\/\/sparkasse-bielefeld-online.de\/gruendercenter\/wp-json\/wp\/v2\/types\/page"}],"author":[{"embeddable":true,"href":"https:\/\/sparkasse-bielefeld-online.de\/gruendercenter\/wp-json\/wp\/v2\/users\/4"}],"replies":[{"embeddable":true,"href":"https:\/\/sparkasse-bielefeld-online.de\/gruendercenter\/wp-json\/wp\/v2\/comments?post=654"}],"version-history":[{"count":26,"href":"https:\/\/sparkasse-bielefeld-online.de\/gruendercenter\/wp-json\/wp\/v2\/pages\/654\/revisions"}],"predecessor-version":[{"id":1022,"href":"https:\/\/sparkasse-bielefeld-online.de\/gruendercenter\/wp-json\/wp\/v2\/pages\/654\/revisions\/1022"}],"wp:attachment":[{"href":"https:\/\/sparkasse-bielefeld-online.de\/gruendercenter\/wp-json\/wp\/v2\/media?parent=654"}],"curies":[{"name":"wp","href":"https:\/\/api.w.org\/{rel}","templated":true}]}}