{"id":68,"date":"2018-04-10T11:30:22","date_gmt":"2018-04-10T09:30:22","guid":{"rendered":"https:\/\/www.sparkasse-bielefeld-online.de\/gruendercenter\/?page_id=68"},"modified":"2023-11-27T14:47:46","modified_gmt":"2023-11-27T13:47:46","slug":"finanzierung","status":"publish","type":"page","link":"https:\/\/sparkasse-bielefeld-online.de\/gruendercenter\/leistungen\/finanzierung\/","title":{"rendered":"Finanzierung"},"content":{"rendered":"<h2>Kein Start ohne Startkapital<\/h2>\n<p><img loading=\"lazy\" decoding=\"async\" class=\"alignright size-medium wp-image-247\" src=\"https:\/\/www.sparkasse-bielefeld-online.de\/gruendercenter\/wp-content\/uploads\/2018\/06\/GruenderCenter6-300x200.jpg\" alt=\"Finanzierung mit dem Gr\u00fcnderCenter mit der Sparkasse Bielefeld.\" width=\"300\" height=\"200\" srcset=\"https:\/\/sparkasse-bielefeld-online.de\/gruendercenter\/wp-content\/uploads\/2018\/06\/GruenderCenter6-300x200.jpg 300w, https:\/\/sparkasse-bielefeld-online.de\/gruendercenter\/wp-content\/uploads\/2018\/06\/GruenderCenter6-768x512.jpg 768w, https:\/\/sparkasse-bielefeld-online.de\/gruendercenter\/wp-content\/uploads\/2018\/06\/GruenderCenter6.jpg 1000w\" sizes=\"(max-width: 300px) 100vw, 300px\" \/>Sie haben eine gute Idee und sind damit zur richtigen Zeit am richtigen Ort \u2013 nur die Finanzierung ist noch ungekl\u00e4rt? Willkommen im Gr\u00fcndercenter der Sparkasse Bielefeld!<\/p>\n<p>Wir begleiten seit Jahren Gr\u00fcnderinnen und Gr\u00fcnder von der ersten Idee bis zum erfolgreichen Start ihres neuen Unternehmens. Dabei spielt die Frage der Finanzierung eine zentrale Rolle. Wir beraten Sie zu Ihren individuellen M\u00f6glichkeiten und entwickeln gemeinsam einen passenden Finanzierungsmix f\u00fcr Ihr Vorhaben.<\/p>\n<h2>Wenden Sie sich an echte Experten f\u00fcr die Finanzierung von Existenzgr\u00fcndungen:<\/h2>\n<ul>\n<li>Wir haben jahrelange Erfahrung und schon viele Gr\u00fcnderinnen und Gr\u00fcnder in Finanzierungsfragen begleitet.<\/li>\n<li>Wir informieren Sie transparent \u00fcber m\u00f6gliche Risiken und Fallstricke.<\/li>\n<li>Wir erstellen f\u00fcr Sie auf der Grundlage Ihres Businessplans einen indivduellen Finanzierungsvorschlag.<\/li>\n<li>Wir informieren Sie \u00fcber alle weiteren M\u00f6glichkeiten, wie das Sparkassen Gr\u00fcnderdarlehen, zus\u00e4tzliche F\u00f6rdermittel oder Beteiligungs- bzw. Risikokapital, z.B. \u00fcber die Kapitalbeteiligungsgesellschaft NRW oder Business-Angels.<\/li>\n<li>Sie profitieren von unserem Know-how und g\u00fcnstigen Konditionen.<\/li>\n<\/ul>\n<h2>Vereinbaren Sie ein unverbindliches Beratungsgespr\u00e4ch<\/h2>\n<p>Wenn es um die Finanzierung Ihres Vorhabens geht, gilt es viele Faktoren zu beachten. Wir entwickeln einen individuellen Plan mit Ihnen. Sprechen Sie uns einfach an!<\/p>\n<p>Hier finden Sie Ihre <a href=\"https:\/\/www.sparkasse-bielefeld-online.de\/gruendercenter\/ansprechpartner\/\">Ansprechpartner<\/a> f\u00fcr das Thema Finanzierungen.<\/p>\n<p>Welche Unterlagen Sie im besten Fall bereits mitbringen, erfahren Sie hier: <a href=\"https:\/\/www.sparkasse-bielefeld-online.de\/gruendercenter\/tipps-know-how\/gespraechsvorbereitung\/\">Gut vorbereitet ins Beratungsgespr\u00e4ch<\/a>.<\/p>\n\n\n<p>Bilder auf dieser Seite: (c) S-Communication Services GmbH<\/p>\n","protected":false},"excerpt":{"rendered":"<p>Kein Start ohne Startkapital Sie haben eine gute Idee und sind damit zur richtigen Zeit am richtigen Ort \u2013 nur die Finanzierung ist noch ungekl\u00e4rt? Willkommen im Gr\u00fcndercenter der Sparkasse Bielefeld! Wir begleiten seit Jahren Gr\u00fcnderinnen und Gr\u00fcnder von der ersten Idee bis zum erfolgreichen Start ihres neuen Unternehmens. Dabei spielt die Frage der Finanzierung [&hellip;]<\/p>\n","protected":false},"author":1,"featured_media":0,"parent":54,"menu_order":0,"comment_status":"closed","ping_status":"closed","template":"page-more-info.php","meta":{"footnotes":""},"yoast_head":"<!-- This site is optimized with the Yoast SEO plugin v23.0 - https:\/\/yoast.com\/wordpress\/plugins\/seo\/ -->\n<title>Finanzierung - Gr\u00fcnderCenter<\/title>\n<meta name=\"robots\" content=\"index, follow, max-snippet:-1, max-image-preview:large, max-video-preview:-1\" \/>\n<link rel=\"canonical\" href=\"https:\/\/sparkasse-bielefeld-online.de\/gruendercenter\/leistungen\/finanzierung\/\" \/>\n<meta property=\"og:locale\" content=\"de_DE\" \/>\n<meta property=\"og:type\" content=\"article\" \/>\n<meta property=\"og:title\" content=\"Finanzierung - Gr\u00fcnderCenter\" \/>\n<meta property=\"og:description\" content=\"Kein Start ohne Startkapital Sie haben eine gute Idee und sind damit zur richtigen Zeit am richtigen Ort \u2013 nur die Finanzierung ist noch ungekl\u00e4rt? Willkommen im Gr\u00fcndercenter der Sparkasse Bielefeld! Wir begleiten seit Jahren Gr\u00fcnderinnen und Gr\u00fcnder von der ersten Idee bis zum erfolgreichen Start ihres neuen Unternehmens. Dabei spielt die Frage der Finanzierung [&hellip;]\" \/>\n<meta property=\"og:url\" content=\"https:\/\/sparkasse-bielefeld-online.de\/gruendercenter\/leistungen\/finanzierung\/\" \/>\n<meta property=\"og:site_name\" content=\"Gr\u00fcnderCenter\" \/>\n<meta property=\"article:modified_time\" content=\"2023-11-27T13:47:46+00:00\" \/>\n<meta property=\"og:image\" content=\"https:\/\/www.sparkasse-bielefeld-online.de\/gruendercenter\/wp-content\/uploads\/2018\/06\/GruenderCenter6-300x200.jpg\" \/>\n<meta name=\"twitter:card\" content=\"summary_large_image\" \/>\n<meta name=\"twitter:label1\" content=\"Gesch\u00e4tzte Lesezeit\" \/>\n\t<meta name=\"twitter:data1\" content=\"1\u00a0Minute\" \/>\n<script type=\"application\/ld+json\" class=\"yoast-schema-graph\">{\"@context\":\"https:\/\/schema.org\",\"@graph\":[{\"@type\":\"WebPage\",\"@id\":\"https:\/\/sparkasse-bielefeld-online.de\/gruendercenter\/leistungen\/finanzierung\/\",\"url\":\"https:\/\/sparkasse-bielefeld-online.de\/gruendercenter\/leistungen\/finanzierung\/\",\"name\":\"Finanzierung - Gr\u00fcnderCenter\",\"isPartOf\":{\"@id\":\"https:\/\/sparkasse-bielefeld-online.de\/gruendercenter\/#website\"},\"primaryImageOfPage\":{\"@id\":\"https:\/\/sparkasse-bielefeld-online.de\/gruendercenter\/leistungen\/finanzierung\/#primaryimage\"},\"image\":{\"@id\":\"https:\/\/sparkasse-bielefeld-online.de\/gruendercenter\/leistungen\/finanzierung\/#primaryimage\"},\"thumbnailUrl\":\"https:\/\/www.sparkasse-bielefeld-online.de\/gruendercenter\/wp-content\/uploads\/2018\/06\/GruenderCenter6-300x200.jpg\",\"datePublished\":\"2018-04-10T09:30:22+00:00\",\"dateModified\":\"2023-11-27T13:47:46+00:00\",\"breadcrumb\":{\"@id\":\"https:\/\/sparkasse-bielefeld-online.de\/gruendercenter\/leistungen\/finanzierung\/#breadcrumb\"},\"inLanguage\":\"de\",\"potentialAction\":[{\"@type\":\"ReadAction\",\"target\":[\"https:\/\/sparkasse-bielefeld-online.de\/gruendercenter\/leistungen\/finanzierung\/\"]}]},{\"@type\":\"ImageObject\",\"inLanguage\":\"de\",\"@id\":\"https:\/\/sparkasse-bielefeld-online.de\/gruendercenter\/leistungen\/finanzierung\/#primaryimage\",\"url\":\"https:\/\/www.sparkasse-bielefeld-online.de\/gruendercenter\/wp-content\/uploads\/2018\/06\/GruenderCenter6-300x200.jpg\",\"contentUrl\":\"https:\/\/www.sparkasse-bielefeld-online.de\/gruendercenter\/wp-content\/uploads\/2018\/06\/GruenderCenter6-300x200.jpg\"},{\"@type\":\"BreadcrumbList\",\"@id\":\"https:\/\/sparkasse-bielefeld-online.de\/gruendercenter\/leistungen\/finanzierung\/#breadcrumb\",\"itemListElement\":[{\"@type\":\"ListItem\",\"position\":1,\"name\":\"Home\",\"item\":\"https:\/\/sparkasse-bielefeld-online.de\/gruendercenter\/\"},{\"@type\":\"ListItem\",\"position\":2,\"name\":\"Leistungen\",\"item\":\"https:\/\/sparkasse-bielefeld-online.de\/gruendercenter\/leistungen\/\"},{\"@type\":\"ListItem\",\"position\":3,\"name\":\"Finanzierung\"}]},{\"@type\":\"WebSite\",\"@id\":\"https:\/\/sparkasse-bielefeld-online.de\/gruendercenter\/#website\",\"url\":\"https:\/\/sparkasse-bielefeld-online.de\/gruendercenter\/\",\"name\":\"Gr\u00fcnderCenter\",\"description\":\"der Sparkasse Bielefeld\",\"potentialAction\":[{\"@type\":\"SearchAction\",\"target\":{\"@type\":\"EntryPoint\",\"urlTemplate\":\"https:\/\/sparkasse-bielefeld-online.de\/gruendercenter\/?s={search_term_string}\"},\"query-input\":\"required name=search_term_string\"}],\"inLanguage\":\"de\"}]}<\/script>\n<!-- \/ Yoast SEO plugin. -->","yoast_head_json":{"title":"Finanzierung - Gr\u00fcnderCenter","robots":{"index":"index","follow":"follow","max-snippet":"max-snippet:-1","max-image-preview":"max-image-preview:large","max-video-preview":"max-video-preview:-1"},"canonical":"https:\/\/sparkasse-bielefeld-online.de\/gruendercenter\/leistungen\/finanzierung\/","og_locale":"de_DE","og_type":"article","og_title":"Finanzierung - Gr\u00fcnderCenter","og_description":"Kein Start ohne Startkapital Sie haben eine gute Idee und sind damit zur richtigen Zeit am richtigen Ort \u2013 nur die Finanzierung ist noch ungekl\u00e4rt? Willkommen im Gr\u00fcndercenter der Sparkasse Bielefeld! Wir begleiten seit Jahren Gr\u00fcnderinnen und Gr\u00fcnder von der ersten Idee bis zum erfolgreichen Start ihres neuen Unternehmens. Dabei spielt die Frage der Finanzierung [&hellip;]","og_url":"https:\/\/sparkasse-bielefeld-online.de\/gruendercenter\/leistungen\/finanzierung\/","og_site_name":"Gr\u00fcnderCenter","article_modified_time":"2023-11-27T13:47:46+00:00","og_image":[{"url":"https:\/\/www.sparkasse-bielefeld-online.de\/gruendercenter\/wp-content\/uploads\/2018\/06\/GruenderCenter6-300x200.jpg"}],"twitter_card":"summary_large_image","twitter_misc":{"Gesch\u00e4tzte Lesezeit":"1\u00a0Minute"},"schema":{"@context":"https:\/\/schema.org","@graph":[{"@type":"WebPage","@id":"https:\/\/sparkasse-bielefeld-online.de\/gruendercenter\/leistungen\/finanzierung\/","url":"https:\/\/sparkasse-bielefeld-online.de\/gruendercenter\/leistungen\/finanzierung\/","name":"Finanzierung - Gr\u00fcnderCenter","isPartOf":{"@id":"https:\/\/sparkasse-bielefeld-online.de\/gruendercenter\/#website"},"primaryImageOfPage":{"@id":"https:\/\/sparkasse-bielefeld-online.de\/gruendercenter\/leistungen\/finanzierung\/#primaryimage"},"image":{"@id":"https:\/\/sparkasse-bielefeld-online.de\/gruendercenter\/leistungen\/finanzierung\/#primaryimage"},"thumbnailUrl":"https:\/\/www.sparkasse-bielefeld-online.de\/gruendercenter\/wp-content\/uploads\/2018\/06\/GruenderCenter6-300x200.jpg","datePublished":"2018-04-10T09:30:22+00:00","dateModified":"2023-11-27T13:47:46+00:00","breadcrumb":{"@id":"https:\/\/sparkasse-bielefeld-online.de\/gruendercenter\/leistungen\/finanzierung\/#breadcrumb"},"inLanguage":"de","potentialAction":[{"@type":"ReadAction","target":["https:\/\/sparkasse-bielefeld-online.de\/gruendercenter\/leistungen\/finanzierung\/"]}]},{"@type":"ImageObject","inLanguage":"de","@id":"https:\/\/sparkasse-bielefeld-online.de\/gruendercenter\/leistungen\/finanzierung\/#primaryimage","url":"https:\/\/www.sparkasse-bielefeld-online.de\/gruendercenter\/wp-content\/uploads\/2018\/06\/GruenderCenter6-300x200.jpg","contentUrl":"https:\/\/www.sparkasse-bielefeld-online.de\/gruendercenter\/wp-content\/uploads\/2018\/06\/GruenderCenter6-300x200.jpg"},{"@type":"BreadcrumbList","@id":"https:\/\/sparkasse-bielefeld-online.de\/gruendercenter\/leistungen\/finanzierung\/#breadcrumb","itemListElement":[{"@type":"ListItem","position":1,"name":"Home","item":"https:\/\/sparkasse-bielefeld-online.de\/gruendercenter\/"},{"@type":"ListItem","position":2,"name":"Leistungen","item":"https:\/\/sparkasse-bielefeld-online.de\/gruendercenter\/leistungen\/"},{"@type":"ListItem","position":3,"name":"Finanzierung"}]},{"@type":"WebSite","@id":"https:\/\/sparkasse-bielefeld-online.de\/gruendercenter\/#website","url":"https:\/\/sparkasse-bielefeld-online.de\/gruendercenter\/","name":"Gr\u00fcnderCenter","description":"der Sparkasse Bielefeld","potentialAction":[{"@type":"SearchAction","target":{"@type":"EntryPoint","urlTemplate":"https:\/\/sparkasse-bielefeld-online.de\/gruendercenter\/?s={search_term_string}"},"query-input":"required name=search_term_string"}],"inLanguage":"de"}]}},"_links":{"self":[{"href":"https:\/\/sparkasse-bielefeld-online.de\/gruendercenter\/wp-json\/wp\/v2\/pages\/68"}],"collection":[{"href":"https:\/\/sparkasse-bielefeld-online.de\/gruendercenter\/wp-json\/wp\/v2\/pages"}],"about":[{"href":"https:\/\/sparkasse-bielefeld-online.de\/gruendercenter\/wp-json\/wp\/v2\/types\/page"}],"author":[{"embeddable":true,"href":"https:\/\/sparkasse-bielefeld-online.de\/gruendercenter\/wp-json\/wp\/v2\/users\/1"}],"replies":[{"embeddable":true,"href":"https:\/\/sparkasse-bielefeld-online.de\/gruendercenter\/wp-json\/wp\/v2\/comments?post=68"}],"version-history":[{"count":14,"href":"https:\/\/sparkasse-bielefeld-online.de\/gruendercenter\/wp-json\/wp\/v2\/pages\/68\/revisions"}],"predecessor-version":[{"id":1016,"href":"https:\/\/sparkasse-bielefeld-online.de\/gruendercenter\/wp-json\/wp\/v2\/pages\/68\/revisions\/1016"}],"up":[{"embeddable":true,"href":"https:\/\/sparkasse-bielefeld-online.de\/gruendercenter\/wp-json\/wp\/v2\/pages\/54"}],"wp:attachment":[{"href":"https:\/\/sparkasse-bielefeld-online.de\/gruendercenter\/wp-json\/wp\/v2\/media?parent=68"}],"curies":[{"name":"wp","href":"https:\/\/api.w.org\/{rel}","templated":true}]}}