{"id":74,"date":"2018-04-10T11:55:37","date_gmt":"2018-04-10T09:55:37","guid":{"rendered":"https:\/\/www.sparkasse-bielefeld-online.de\/gruendercenter\/?page_id=74"},"modified":"2023-11-27T14:48:06","modified_gmt":"2023-11-27T13:48:06","slug":"nachfolge","status":"publish","type":"page","link":"https:\/\/sparkasse-bielefeld-online.de\/gruendercenter\/leistungen\/nachfolge\/","title":{"rendered":"Nachfolge"},"content":{"rendered":"<h2>Gut vorbereitet ans Steuer<\/h2>\n<p><img loading=\"lazy\" decoding=\"async\" class=\"alignright size-medium wp-image-241\" src=\"https:\/\/www.sparkasse-bielefeld-online.de\/gruendercenter\/wp-content\/uploads\/2018\/06\/GruenderCenter2-300x200.jpg\" alt=\"Nachfolge mit dem Gr\u00fcnderCenter der Sparkasse Bielefeld.\" width=\"300\" height=\"200\" srcset=\"https:\/\/sparkasse-bielefeld-online.de\/gruendercenter\/wp-content\/uploads\/2018\/06\/GruenderCenter2-300x200.jpg 300w, https:\/\/sparkasse-bielefeld-online.de\/gruendercenter\/wp-content\/uploads\/2018\/06\/GruenderCenter2-768x512.jpg 768w, https:\/\/sparkasse-bielefeld-online.de\/gruendercenter\/wp-content\/uploads\/2018\/06\/GruenderCenter2.jpg 1000w\" sizes=\"(max-width: 300px) 100vw, 300px\" \/>Eine Unternehmensnachfolge ist zwar keine Neugr\u00fcndung &#8211; aber ebenso spannend. Als frisch gebackene Gesch\u00e4ftsf\u00fchrerin oder frisch gebackener Gesch\u00e4ftsf\u00fchrer stehen Sie vor neuen Aufgaben und M\u00f6glichkeiten. Klar, dass Sie direkt durchstarten, Ziele festlegen und Pl\u00e4ne umsetzen m\u00f6chten. Umso wichtiger ist es, dass die finanzielle Basis stimmt.<\/p>\n<p>Wir begleiten Sie auf Ihrem Weg, zeigen Ihnen Chancen und Risiken auf und pr\u00fcfen Finanzierungsm\u00f6glichkeiten f\u00fcr Ihre \u00dcbernahme. Sind Sie noch auf der Suche nach einem geeigneten Unternehmen? Nutzen Sie zum Beispiel die Unternehmensb\u00f6rse <a href=\"https:\/\/www.nexxt-change.org\/\">nexxt-change<\/a>.<\/p>\n<h2>Holen Sie sich einen erfahrenen Partner an Ihre Seite:<\/h2>\n<ul>\n<li>Wir geben Feedback zu Ihren Ideen und zeigen Ihnen weitere M\u00f6glichkeiten auf.<\/li>\n<li>Wir beraten Sie zu Finanzierungsm\u00f6glichkeiten und informieren Sie \u00fcber m\u00f6gliche Risiken.<\/li>\n<li>Wir planen mit Ihnen die n\u00e4chsten Schritte &#8211; ganz gleich, an welchem Punkt Sie in Ihrem Vorhaben stehen.<\/li>\n<li>Sie erfahren von uns, welche \u00f6ffentlichen F\u00f6rderungen f\u00fcr Sie in Frage kommen.<\/li>\n<li>Sie profitieren von unserem Know-how und g\u00fcnstigen Konditionen.<\/li>\n<\/ul>\n<h2>Machen Sie einen unverbindlichen Termin aus<\/h2>\n<p>Vom ersten Gedanken an eine Nachfolge bis zur erfolgreichen \u00dcbernahme &#8211; wir unterst\u00fctzen Sie! Sprechen Sie uns einfach an.<\/p>\n<p>Hier finden Sie Ihre <a href=\"https:\/\/www.sparkasse-bielefeld-online.de\/gruendercenter\/ansprechpartner\/\">Ansprechpartner<\/a> f\u00fcr das Thema Nachfolge.<\/p>\n<p>Welche Unterlagen Sie im besten Fall bereits mitbringen, erfahren Sie \u00fcbrigens hier: <a href=\"https:\/\/www.sparkasse-bielefeld-online.de\/gruendercenter\/tipps-know-how\/gespraechsvorbereitung\/\">Gut vorbereitet ins Beratungsgespr\u00e4ch<\/a>.<\/p>\n\n\n<p>Bilder auf dieser Seite: (c) S-Communication Services GmbH<\/p>\n","protected":false},"excerpt":{"rendered":"<p>Gut vorbereitet ans Steuer Eine Unternehmensnachfolge ist zwar keine Neugr\u00fcndung &#8211; aber ebenso spannend. Als frisch gebackene Gesch\u00e4ftsf\u00fchrerin oder frisch gebackener Gesch\u00e4ftsf\u00fchrer stehen Sie vor neuen Aufgaben und M\u00f6glichkeiten. Klar, dass Sie direkt durchstarten, Ziele festlegen und Pl\u00e4ne umsetzen m\u00f6chten. Umso wichtiger ist es, dass die finanzielle Basis stimmt. Wir begleiten Sie auf Ihrem Weg, [&hellip;]<\/p>\n","protected":false},"author":1,"featured_media":0,"parent":54,"menu_order":0,"comment_status":"closed","ping_status":"closed","template":"page-more-info.php","meta":{"footnotes":""},"yoast_head":"<!-- This site is optimized with the Yoast SEO plugin v23.0 - https:\/\/yoast.com\/wordpress\/plugins\/seo\/ -->\n<title>Nachfolge - Gr\u00fcnderCenter<\/title>\n<meta name=\"robots\" content=\"index, follow, max-snippet:-1, max-image-preview:large, max-video-preview:-1\" \/>\n<link rel=\"canonical\" href=\"https:\/\/sparkasse-bielefeld-online.de\/gruendercenter\/leistungen\/nachfolge\/\" \/>\n<meta property=\"og:locale\" content=\"de_DE\" \/>\n<meta property=\"og:type\" content=\"article\" \/>\n<meta property=\"og:title\" content=\"Nachfolge - Gr\u00fcnderCenter\" \/>\n<meta property=\"og:description\" content=\"Gut vorbereitet ans Steuer Eine Unternehmensnachfolge ist zwar keine Neugr\u00fcndung &#8211; aber ebenso spannend. Als frisch gebackene Gesch\u00e4ftsf\u00fchrerin oder frisch gebackener Gesch\u00e4ftsf\u00fchrer stehen Sie vor neuen Aufgaben und M\u00f6glichkeiten. Klar, dass Sie direkt durchstarten, Ziele festlegen und Pl\u00e4ne umsetzen m\u00f6chten. Umso wichtiger ist es, dass die finanzielle Basis stimmt. Wir begleiten Sie auf Ihrem Weg, [&hellip;]\" \/>\n<meta property=\"og:url\" content=\"https:\/\/sparkasse-bielefeld-online.de\/gruendercenter\/leistungen\/nachfolge\/\" \/>\n<meta property=\"og:site_name\" content=\"Gr\u00fcnderCenter\" \/>\n<meta property=\"article:modified_time\" content=\"2023-11-27T13:48:06+00:00\" \/>\n<meta property=\"og:image\" content=\"https:\/\/www.sparkasse-bielefeld-online.de\/gruendercenter\/wp-content\/uploads\/2018\/06\/GruenderCenter2-300x200.jpg\" \/>\n<meta name=\"twitter:card\" content=\"summary_large_image\" \/>\n<meta name=\"twitter:label1\" content=\"Gesch\u00e4tzte Lesezeit\" \/>\n\t<meta name=\"twitter:data1\" content=\"1\u00a0Minute\" \/>\n<script type=\"application\/ld+json\" class=\"yoast-schema-graph\">{\"@context\":\"https:\/\/schema.org\",\"@graph\":[{\"@type\":\"WebPage\",\"@id\":\"https:\/\/sparkasse-bielefeld-online.de\/gruendercenter\/leistungen\/nachfolge\/\",\"url\":\"https:\/\/sparkasse-bielefeld-online.de\/gruendercenter\/leistungen\/nachfolge\/\",\"name\":\"Nachfolge - Gr\u00fcnderCenter\",\"isPartOf\":{\"@id\":\"https:\/\/sparkasse-bielefeld-online.de\/gruendercenter\/#website\"},\"primaryImageOfPage\":{\"@id\":\"https:\/\/sparkasse-bielefeld-online.de\/gruendercenter\/leistungen\/nachfolge\/#primaryimage\"},\"image\":{\"@id\":\"https:\/\/sparkasse-bielefeld-online.de\/gruendercenter\/leistungen\/nachfolge\/#primaryimage\"},\"thumbnailUrl\":\"https:\/\/www.sparkasse-bielefeld-online.de\/gruendercenter\/wp-content\/uploads\/2018\/06\/GruenderCenter2-300x200.jpg\",\"datePublished\":\"2018-04-10T09:55:37+00:00\",\"dateModified\":\"2023-11-27T13:48:06+00:00\",\"breadcrumb\":{\"@id\":\"https:\/\/sparkasse-bielefeld-online.de\/gruendercenter\/leistungen\/nachfolge\/#breadcrumb\"},\"inLanguage\":\"de\",\"potentialAction\":[{\"@type\":\"ReadAction\",\"target\":[\"https:\/\/sparkasse-bielefeld-online.de\/gruendercenter\/leistungen\/nachfolge\/\"]}]},{\"@type\":\"ImageObject\",\"inLanguage\":\"de\",\"@id\":\"https:\/\/sparkasse-bielefeld-online.de\/gruendercenter\/leistungen\/nachfolge\/#primaryimage\",\"url\":\"https:\/\/www.sparkasse-bielefeld-online.de\/gruendercenter\/wp-content\/uploads\/2018\/06\/GruenderCenter2-300x200.jpg\",\"contentUrl\":\"https:\/\/www.sparkasse-bielefeld-online.de\/gruendercenter\/wp-content\/uploads\/2018\/06\/GruenderCenter2-300x200.jpg\"},{\"@type\":\"BreadcrumbList\",\"@id\":\"https:\/\/sparkasse-bielefeld-online.de\/gruendercenter\/leistungen\/nachfolge\/#breadcrumb\",\"itemListElement\":[{\"@type\":\"ListItem\",\"position\":1,\"name\":\"Home\",\"item\":\"https:\/\/sparkasse-bielefeld-online.de\/gruendercenter\/\"},{\"@type\":\"ListItem\",\"position\":2,\"name\":\"Leistungen\",\"item\":\"https:\/\/sparkasse-bielefeld-online.de\/gruendercenter\/leistungen\/\"},{\"@type\":\"ListItem\",\"position\":3,\"name\":\"Nachfolge\"}]},{\"@type\":\"WebSite\",\"@id\":\"https:\/\/sparkasse-bielefeld-online.de\/gruendercenter\/#website\",\"url\":\"https:\/\/sparkasse-bielefeld-online.de\/gruendercenter\/\",\"name\":\"Gr\u00fcnderCenter\",\"description\":\"der Sparkasse Bielefeld\",\"potentialAction\":[{\"@type\":\"SearchAction\",\"target\":{\"@type\":\"EntryPoint\",\"urlTemplate\":\"https:\/\/sparkasse-bielefeld-online.de\/gruendercenter\/?s={search_term_string}\"},\"query-input\":\"required name=search_term_string\"}],\"inLanguage\":\"de\"}]}<\/script>\n<!-- \/ Yoast SEO plugin. -->","yoast_head_json":{"title":"Nachfolge - Gr\u00fcnderCenter","robots":{"index":"index","follow":"follow","max-snippet":"max-snippet:-1","max-image-preview":"max-image-preview:large","max-video-preview":"max-video-preview:-1"},"canonical":"https:\/\/sparkasse-bielefeld-online.de\/gruendercenter\/leistungen\/nachfolge\/","og_locale":"de_DE","og_type":"article","og_title":"Nachfolge - Gr\u00fcnderCenter","og_description":"Gut vorbereitet ans Steuer Eine Unternehmensnachfolge ist zwar keine Neugr\u00fcndung &#8211; aber ebenso spannend. Als frisch gebackene Gesch\u00e4ftsf\u00fchrerin oder frisch gebackener Gesch\u00e4ftsf\u00fchrer stehen Sie vor neuen Aufgaben und M\u00f6glichkeiten. Klar, dass Sie direkt durchstarten, Ziele festlegen und Pl\u00e4ne umsetzen m\u00f6chten. Umso wichtiger ist es, dass die finanzielle Basis stimmt. Wir begleiten Sie auf Ihrem Weg, [&hellip;]","og_url":"https:\/\/sparkasse-bielefeld-online.de\/gruendercenter\/leistungen\/nachfolge\/","og_site_name":"Gr\u00fcnderCenter","article_modified_time":"2023-11-27T13:48:06+00:00","og_image":[{"url":"https:\/\/www.sparkasse-bielefeld-online.de\/gruendercenter\/wp-content\/uploads\/2018\/06\/GruenderCenter2-300x200.jpg"}],"twitter_card":"summary_large_image","twitter_misc":{"Gesch\u00e4tzte Lesezeit":"1\u00a0Minute"},"schema":{"@context":"https:\/\/schema.org","@graph":[{"@type":"WebPage","@id":"https:\/\/sparkasse-bielefeld-online.de\/gruendercenter\/leistungen\/nachfolge\/","url":"https:\/\/sparkasse-bielefeld-online.de\/gruendercenter\/leistungen\/nachfolge\/","name":"Nachfolge - Gr\u00fcnderCenter","isPartOf":{"@id":"https:\/\/sparkasse-bielefeld-online.de\/gruendercenter\/#website"},"primaryImageOfPage":{"@id":"https:\/\/sparkasse-bielefeld-online.de\/gruendercenter\/leistungen\/nachfolge\/#primaryimage"},"image":{"@id":"https:\/\/sparkasse-bielefeld-online.de\/gruendercenter\/leistungen\/nachfolge\/#primaryimage"},"thumbnailUrl":"https:\/\/www.sparkasse-bielefeld-online.de\/gruendercenter\/wp-content\/uploads\/2018\/06\/GruenderCenter2-300x200.jpg","datePublished":"2018-04-10T09:55:37+00:00","dateModified":"2023-11-27T13:48:06+00:00","breadcrumb":{"@id":"https:\/\/sparkasse-bielefeld-online.de\/gruendercenter\/leistungen\/nachfolge\/#breadcrumb"},"inLanguage":"de","potentialAction":[{"@type":"ReadAction","target":["https:\/\/sparkasse-bielefeld-online.de\/gruendercenter\/leistungen\/nachfolge\/"]}]},{"@type":"ImageObject","inLanguage":"de","@id":"https:\/\/sparkasse-bielefeld-online.de\/gruendercenter\/leistungen\/nachfolge\/#primaryimage","url":"https:\/\/www.sparkasse-bielefeld-online.de\/gruendercenter\/wp-content\/uploads\/2018\/06\/GruenderCenter2-300x200.jpg","contentUrl":"https:\/\/www.sparkasse-bielefeld-online.de\/gruendercenter\/wp-content\/uploads\/2018\/06\/GruenderCenter2-300x200.jpg"},{"@type":"BreadcrumbList","@id":"https:\/\/sparkasse-bielefeld-online.de\/gruendercenter\/leistungen\/nachfolge\/#breadcrumb","itemListElement":[{"@type":"ListItem","position":1,"name":"Home","item":"https:\/\/sparkasse-bielefeld-online.de\/gruendercenter\/"},{"@type":"ListItem","position":2,"name":"Leistungen","item":"https:\/\/sparkasse-bielefeld-online.de\/gruendercenter\/leistungen\/"},{"@type":"ListItem","position":3,"name":"Nachfolge"}]},{"@type":"WebSite","@id":"https:\/\/sparkasse-bielefeld-online.de\/gruendercenter\/#website","url":"https:\/\/sparkasse-bielefeld-online.de\/gruendercenter\/","name":"Gr\u00fcnderCenter","description":"der Sparkasse Bielefeld","potentialAction":[{"@type":"SearchAction","target":{"@type":"EntryPoint","urlTemplate":"https:\/\/sparkasse-bielefeld-online.de\/gruendercenter\/?s={search_term_string}"},"query-input":"required name=search_term_string"}],"inLanguage":"de"}]}},"_links":{"self":[{"href":"https:\/\/sparkasse-bielefeld-online.de\/gruendercenter\/wp-json\/wp\/v2\/pages\/74"}],"collection":[{"href":"https:\/\/sparkasse-bielefeld-online.de\/gruendercenter\/wp-json\/wp\/v2\/pages"}],"about":[{"href":"https:\/\/sparkasse-bielefeld-online.de\/gruendercenter\/wp-json\/wp\/v2\/types\/page"}],"author":[{"embeddable":true,"href":"https:\/\/sparkasse-bielefeld-online.de\/gruendercenter\/wp-json\/wp\/v2\/users\/1"}],"replies":[{"embeddable":true,"href":"https:\/\/sparkasse-bielefeld-online.de\/gruendercenter\/wp-json\/wp\/v2\/comments?post=74"}],"version-history":[{"count":9,"href":"https:\/\/sparkasse-bielefeld-online.de\/gruendercenter\/wp-json\/wp\/v2\/pages\/74\/revisions"}],"predecessor-version":[{"id":1018,"href":"https:\/\/sparkasse-bielefeld-online.de\/gruendercenter\/wp-json\/wp\/v2\/pages\/74\/revisions\/1018"}],"up":[{"embeddable":true,"href":"https:\/\/sparkasse-bielefeld-online.de\/gruendercenter\/wp-json\/wp\/v2\/pages\/54"}],"wp:attachment":[{"href":"https:\/\/sparkasse-bielefeld-online.de\/gruendercenter\/wp-json\/wp\/v2\/media?parent=74"}],"curies":[{"name":"wp","href":"https:\/\/api.w.org\/{rel}","templated":true}]}}